{"id":51858,"date":"2024-12-20T11:01:34","date_gmt":"2024-12-20T11:01:34","guid":{"rendered":"https:\/\/murter.riot.hr\/?post_type=product&#038;p=51858"},"modified":"2025-04-25T19:50:46","modified_gmt":"2025-04-25T18:50:46","slug":"apartament-center-spot-murter-a2-id-78","status":"publish","type":"product","link":"https:\/\/murter-online.com\/pl\/produkt\/apartament-center-spot-murter-a2-id-78\/","title":{"rendered":"Apartament wakacyjny Murter Center Spot A2 ID 78"},"content":{"rendered":"","protected":false},"excerpt":{"rendered":"<div align=\"center\">\n<div class=\"max_width\" align=\"left\">\n<div>\n<div>Apartament Center Murter A2 ID 78 znajduje si\u0119 zaledwie kilka metr\u00f3w od centrum. W pobli\u017cu mieszkania znajduj\u0105 si\u0119 restauracje, kawiarnie, sklepy. Najbli\u017csza pla\u017ca oddalona jest od obiektu o 5 minut spacerem. Apartament ten oferuje bezp\u0142atne WiFi, telewizor z dost\u0119pem do kana\u0142\u00f3w satelitarnych i klimatyzacj\u0119 Cena obejmuje r\u0119czniki, po\u015bciel i sprz\u0105tanie ko\u0144cowe.<\/div>\n<\/div>\n<\/div>\n<\/div>\n<div align=\"center\">\n<div><\/div>\n<div><\/div>\n<\/div>\n","protected":false},"featured_media":19588,"template":"","meta":{"_acf_changed":false},"product_brand":[],"product_cat":[153,131],"product_tag":[],"class_list":{"0":"post-51858","1":"product","2":"type-product","3":"status-publish","4":"has-post-thumbnail","6":"product_cat-apartamenty-dla-rodzin","7":"product_cat-apartamenty","9":"first","10":"instock","11":"sold-individually","12":"shipping-taxable","13":"purchasable","14":"product-type-phive_booking"},"acf":[],"_links":{"self":[{"href":"https:\/\/murter-online.com\/pl\/wp-json\/wp\/v2\/product\/51858","targetHints":{"allow":["GET"]}}],"collection":[{"href":"https:\/\/murter-online.com\/pl\/wp-json\/wp\/v2\/product"}],"about":[{"href":"https:\/\/murter-online.com\/pl\/wp-json\/wp\/v2\/types\/product"}],"wp:featuredmedia":[{"embeddable":true,"href":"https:\/\/murter-online.com\/pl\/wp-json\/wp\/v2\/media\/19588"}],"wp:attachment":[{"href":"https:\/\/murter-online.com\/pl\/wp-json\/wp\/v2\/media?parent=51858"}],"wp:term":[{"taxonomy":"product_brand","embeddable":true,"href":"https:\/\/murter-online.com\/pl\/wp-json\/wp\/v2\/product_brand?post=51858"},{"taxonomy":"product_cat","embeddable":true,"href":"https:\/\/murter-online.com\/pl\/wp-json\/wp\/v2\/product_cat?post=51858"},{"taxonomy":"product_tag","embeddable":true,"href":"https:\/\/murter-online.com\/pl\/wp-json\/wp\/v2\/product_tag?post=51858"}],"curies":[{"name":"wp","href":"https:\/\/api.w.org\/{rel}","templated":true}]}}