{"id":51876,"date":"2024-12-20T14:59:48","date_gmt":"2024-12-20T14:59:48","guid":{"rendered":"https:\/\/murter.riot.hr\/?post_type=product&#038;p=51876"},"modified":"2025-04-12T12:32:31","modified_gmt":"2025-04-12T11:32:31","slug":"apartament-cigrada-murter-garden-paradise-5-a22-id-154","status":"publish","type":"product","link":"https:\/\/murter-online.com\/pl\/produkt\/apartament-cigrada-murter-garden-paradise-5-a22-id-154\/","title":{"rendered":"Apartament wakacyjny blisko pla\u017cy \u010cigra\u0111a wyspa Murter 5 A2+2 ID 154"},"content":{"rendered":"","protected":false},"excerpt":{"rendered":"<p>Apartament w doskona\u0142ej lokalizacji zaledwie 500 metr\u00f3w od morza. Apartament ma powierzchni\u0119 40 m2. Posiada jedn\u0105 sypialni\u0119, w kt\u00f3rej mog\u0105 spa\u0107 2 osoby doros\u0142e. Posiada pok\u00f3j dzienny, kt\u00f3ry mo\u017ce s\u0142u\u017cy\u0107 do spania &#8211; Posiada dodatkowe \u0142\u00f3\u017cko dla dw\u00f3ch os\u00f3b. Do dyspozycji Go\u015bci jest \u0142azienka z prysznicem. Powierzchnia balkonu \/ tarasu 10 m2. Apartament znajduje si\u0119 na parterze. Apartament wyposa\u017cone jest w TV, klimatyzacj\u0119, odbiornik satelitarny, piekarnik, bezp\u0142atne \u0142\u0105cze internetowe wifi. Parking jest wliczony w cen\u0119. Jest grill na \u015bwie\u017cym powietrzu, z kt\u00f3rego mo\u017cna korzysta\u0107.Cena podana w cenniku obowi\u0105zuje dla dw\u00f3ch os\u00f3b za dob\u0119. Ka\u017cda dodatkowa osoba w mieszkaniu kosztuje 5 euro \/ dodatkowa osoba \/ dzie\u0144. Zwierz\u0119ta domowe na zapytanie.<\/p>\n","protected":false},"featured_media":19912,"template":"","meta":{"_acf_changed":false},"product_brand":[],"product_cat":[153,131,151],"product_tag":[],"class_list":{"0":"post-51876","1":"product","2":"type-product","3":"status-publish","4":"has-post-thumbnail","6":"product_cat-apartamenty-dla-rodzin","7":"product_cat-apartamenty","8":"product_cat-apartamenty-z-widokiem-na-morze","10":"first","11":"instock","12":"sold-individually","13":"shipping-taxable","14":"purchasable","15":"product-type-phive_booking"},"acf":[],"_links":{"self":[{"href":"https:\/\/murter-online.com\/pl\/wp-json\/wp\/v2\/product\/51876","targetHints":{"allow":["GET"]}}],"collection":[{"href":"https:\/\/murter-online.com\/pl\/wp-json\/wp\/v2\/product"}],"about":[{"href":"https:\/\/murter-online.com\/pl\/wp-json\/wp\/v2\/types\/product"}],"wp:featuredmedia":[{"embeddable":true,"href":"https:\/\/murter-online.com\/pl\/wp-json\/wp\/v2\/media\/19912"}],"wp:attachment":[{"href":"https:\/\/murter-online.com\/pl\/wp-json\/wp\/v2\/media?parent=51876"}],"wp:term":[{"taxonomy":"product_brand","embeddable":true,"href":"https:\/\/murter-online.com\/pl\/wp-json\/wp\/v2\/product_brand?post=51876"},{"taxonomy":"product_cat","embeddable":true,"href":"https:\/\/murter-online.com\/pl\/wp-json\/wp\/v2\/product_cat?post=51876"},{"taxonomy":"product_tag","embeddable":true,"href":"https:\/\/murter-online.com\/pl\/wp-json\/wp\/v2\/product_tag?post=51876"}],"curies":[{"name":"wp","href":"https:\/\/api.w.org\/{rel}","templated":true}]}}