{"id":51901,"date":"2024-12-27T13:25:50","date_gmt":"2024-12-27T13:25:50","guid":{"rendered":"https:\/\/murter.riot.hr\/?post_type=product&#038;p=51901"},"modified":"2025-05-01T07:30:56","modified_gmt":"2025-05-01T06:30:56","slug":"apartament-dea-blue-a21","status":"publish","type":"product","link":"https:\/\/murter-online.com\/pl\/produkt\/apartament-dea-blue-a21\/","title":{"rendered":"Apartament wakacyjny blisko pla\u017cy Zdra\u010de niebieski Murter  A2+1"},"content":{"rendered":"","protected":false},"excerpt":{"rendered":"<p>Ceny apartament\u00f3w wed\u0142ug okres\u00f3w podane w tabeli obowi\u0105zuj\u0105 dla 2 os\u00f3b, ka\u017cda dodatkowa osoba w apartamencie b\u0119dzie obci\u0105\u017cona op\u0142at\u0105 5 euro wi\u0119cej\/dodatkowa osoba\/dzie\u0144. Mieszkanie znajduje si\u0119 w doskona\u0142ej lokalizacji, w pobli\u017cu mariny Hramina w Murter, pla\u017cy archeologicznej Colentum, pla\u017cy miejskiej Zdra\u010de i centrum Murter w cichej i spokojnej okolicy. Mieszkanie jest nowe iw pe\u0142ni wyposa\u017cone. Posiada jedn\u0105 sypialni\u0119 dla dw\u00f3ch os\u00f3b oraz pok\u00f3j dzienny, w kt\u00f3rym mo\u017cna spa\u0107. Parking znajduje si\u0119 przed budynkiem na podw\u00f3rku. Idealne miejsce na rodzinne wakacje!<\/p>\n","protected":false},"featured_media":20252,"template":"","meta":{"_acf_changed":false},"product_brand":[],"product_cat":[153,131],"product_tag":[],"class_list":{"0":"post-51901","1":"product","2":"type-product","3":"status-publish","4":"has-post-thumbnail","6":"product_cat-apartamenty-dla-rodzin","7":"product_cat-apartamenty","9":"first","10":"instock","11":"sold-individually","12":"shipping-taxable","13":"purchasable","14":"product-type-phive_booking"},"acf":[],"_links":{"self":[{"href":"https:\/\/murter-online.com\/pl\/wp-json\/wp\/v2\/product\/51901","targetHints":{"allow":["GET"]}}],"collection":[{"href":"https:\/\/murter-online.com\/pl\/wp-json\/wp\/v2\/product"}],"about":[{"href":"https:\/\/murter-online.com\/pl\/wp-json\/wp\/v2\/types\/product"}],"wp:featuredmedia":[{"embeddable":true,"href":"https:\/\/murter-online.com\/pl\/wp-json\/wp\/v2\/media\/20252"}],"wp:attachment":[{"href":"https:\/\/murter-online.com\/pl\/wp-json\/wp\/v2\/media?parent=51901"}],"wp:term":[{"taxonomy":"product_brand","embeddable":true,"href":"https:\/\/murter-online.com\/pl\/wp-json\/wp\/v2\/product_brand?post=51901"},{"taxonomy":"product_cat","embeddable":true,"href":"https:\/\/murter-online.com\/pl\/wp-json\/wp\/v2\/product_cat?post=51901"},{"taxonomy":"product_tag","embeddable":true,"href":"https:\/\/murter-online.com\/pl\/wp-json\/wp\/v2\/product_tag?post=51901"}],"curies":[{"name":"wp","href":"https:\/\/api.w.org\/{rel}","templated":true}]}}