{"id":51925,"date":"2025-01-06T18:00:13","date_gmt":"2025-01-06T18:00:13","guid":{"rendered":"https:\/\/murter.riot.hr\/?post_type=product&#038;p=51925"},"modified":"2025-01-24T15:18:05","modified_gmt":"2025-01-24T15:18:05","slug":"apartament-garden-festival-a22","status":"publish","type":"product","link":"https:\/\/murter-online.com\/pl\/produkt\/apartament-garden-festival-a22\/","title":{"rendered":"Apartament Garden Festival A2+2"},"content":{"rendered":"","protected":false},"excerpt":{"rendered":"<p>Nowe iw pe\u0142ni wyposa\u017cone mieszkanie, po\u0142o\u017cone w \u015bwietnym miejscu, zaledwie 350 metr\u00f3w od Festiwalu Ogrodowego w Tisno. Mieszkanie ma jedn\u0105 sypialni\u0119 z podw\u00f3jnym \u0142\u00f3\u017ckiem, w kt\u00f3rym mog\u0105 spa\u0107 dwie osoby. Apartament posiada pok\u00f3j dzienny, kt\u00f3ry mo\u017ce by\u0107 u\u017cywany do spania, posiada dodatkowe \u0142\u00f3\u017cko, na kt\u00f3rym mog\u0105 spa\u0107 dwie osoby.<\/p>\n","protected":false},"featured_media":33564,"template":"","meta":{"_acf_changed":false},"product_brand":[],"product_cat":[153],"product_tag":[],"class_list":{"0":"post-51925","1":"product","2":"type-product","3":"status-publish","4":"has-post-thumbnail","6":"product_cat-apartamenty-dla-rodzin","8":"first","9":"instock","10":"sold-individually","11":"shipping-taxable","12":"purchasable","13":"product-type-phive_booking"},"acf":[],"_links":{"self":[{"href":"https:\/\/murter-online.com\/pl\/wp-json\/wp\/v2\/product\/51925","targetHints":{"allow":["GET"]}}],"collection":[{"href":"https:\/\/murter-online.com\/pl\/wp-json\/wp\/v2\/product"}],"about":[{"href":"https:\/\/murter-online.com\/pl\/wp-json\/wp\/v2\/types\/product"}],"wp:featuredmedia":[{"embeddable":true,"href":"https:\/\/murter-online.com\/pl\/wp-json\/wp\/v2\/media\/33564"}],"wp:attachment":[{"href":"https:\/\/murter-online.com\/pl\/wp-json\/wp\/v2\/media?parent=51925"}],"wp:term":[{"taxonomy":"product_brand","embeddable":true,"href":"https:\/\/murter-online.com\/pl\/wp-json\/wp\/v2\/product_brand?post=51925"},{"taxonomy":"product_cat","embeddable":true,"href":"https:\/\/murter-online.com\/pl\/wp-json\/wp\/v2\/product_cat?post=51925"},{"taxonomy":"product_tag","embeddable":true,"href":"https:\/\/murter-online.com\/pl\/wp-json\/wp\/v2\/product_tag?post=51925"}],"curies":[{"name":"wp","href":"https:\/\/api.w.org\/{rel}","templated":true}]}}