{"id":51930,"date":"2024-12-28T10:28:31","date_gmt":"2024-12-28T10:28:31","guid":{"rendered":"https:\/\/murter.riot.hr\/?post_type=product&#038;p=51930"},"modified":"2025-04-25T20:14:18","modified_gmt":"2025-04-25T19:14:18","slug":"dom-ilinka-apartament-garden-house-a21-id33","status":"publish","type":"product","link":"https:\/\/murter-online.com\/pl\/produkt\/dom-ilinka-apartament-garden-house-a21-id33\/","title":{"rendered":"Apartament wakacyjny blisko pla\u017cy Luke Garden house Murter A2+1 ID33"},"content":{"rendered":"","protected":false},"excerpt":{"rendered":"<p>Apartament znajduje si\u0119 w pobli\u017cu miejskiej pla\u017cy Luka &#8211; Znajduje si\u0119 w spokojnej okolicy -Apartament wyposa\u017cony jest w pralk\u0119, klimatyzacj\u0119 i ekspres do kawy -Po\u015bciel, r\u0119czniki i sprz\u0105tanie ko\u0144cowe s\u0105 wliczone w cen\u0119.<\/p>\n","protected":false},"featured_media":20620,"template":"","meta":{"_acf_changed":false},"product_brand":[],"product_cat":[153,131],"product_tag":[],"class_list":{"0":"post-51930","1":"product","2":"type-product","3":"status-publish","4":"has-post-thumbnail","6":"product_cat-apartamenty-dla-rodzin","7":"product_cat-apartamenty","9":"first","10":"instock","11":"sold-individually","12":"shipping-taxable","13":"purchasable","14":"product-type-phive_booking"},"acf":[],"_links":{"self":[{"href":"https:\/\/murter-online.com\/pl\/wp-json\/wp\/v2\/product\/51930","targetHints":{"allow":["GET"]}}],"collection":[{"href":"https:\/\/murter-online.com\/pl\/wp-json\/wp\/v2\/product"}],"about":[{"href":"https:\/\/murter-online.com\/pl\/wp-json\/wp\/v2\/types\/product"}],"wp:featuredmedia":[{"embeddable":true,"href":"https:\/\/murter-online.com\/pl\/wp-json\/wp\/v2\/media\/20620"}],"wp:attachment":[{"href":"https:\/\/murter-online.com\/pl\/wp-json\/wp\/v2\/media?parent=51930"}],"wp:term":[{"taxonomy":"product_brand","embeddable":true,"href":"https:\/\/murter-online.com\/pl\/wp-json\/wp\/v2\/product_brand?post=51930"},{"taxonomy":"product_cat","embeddable":true,"href":"https:\/\/murter-online.com\/pl\/wp-json\/wp\/v2\/product_cat?post=51930"},{"taxonomy":"product_tag","embeddable":true,"href":"https:\/\/murter-online.com\/pl\/wp-json\/wp\/v2\/product_tag?post=51930"}],"curies":[{"name":"wp","href":"https:\/\/api.w.org\/{rel}","templated":true}]}}