{"id":51939,"date":"2024-12-29T19:01:52","date_gmt":"2024-12-29T19:01:52","guid":{"rendered":"https:\/\/murter.riot.hr\/?post_type=product&#038;p=51939"},"modified":"2025-01-24T19:10:52","modified_gmt":"2025-01-24T19:10:52","slug":"apartament-w-centrum-murter-a22-id-267","status":"publish","type":"product","link":"https:\/\/murter-online.com\/pl\/produkt\/apartament-w-centrum-murter-a22-id-267\/","title":{"rendered":"Apartament w centrum Murter A2+2 ID 267"},"content":{"rendered":"","protected":false},"excerpt":{"rendered":"<p>Odnowione apartament w starym kamiennym domu w Murter. Znajduje si\u0119 bardzo blisko centrum. Apartament ma jedn\u0105 sypialni\u0119, w kt\u00f3rej mog\u0105 spa\u0107 2 osoby doros\u0142e. W salonie znajduje si\u0119 kanapa, kt\u00f3ra mo\u017ce s\u0142u\u017cy\u0107 do spania. Parking znajduje si\u0119 na og\u00f3lnodost\u0119pnym parkingu 100 metr\u00f3w od apartamentu, koszty parkingu s\u0105 wliczone w cen\u0119 apartamentu. Apartament posiada klimatyzacj\u0119, bezprzewodowy internet, kuchnia jest w pe\u0142ni wyposa\u017cona. Apartament znajduje si\u0119 300 metr\u00f3w od lokalnej pla\u017cy \u0141ukasza. Apartament posiada mo\u017cliwo\u015b\u0107 przycumowania \u0142\u00f3dki za dop\u0142at\u0105. Go\u015bcie apartamentu maj\u0105 prawo do korzystania ze wsp\u00f3lnego tarasu z widokiem na morze.<\/p>\n","protected":false},"featured_media":20816,"template":"","meta":{"_acf_changed":false},"product_brand":[],"product_cat":[153,131,154],"product_tag":[],"class_list":{"0":"post-51939","1":"product","2":"type-product","3":"status-publish","4":"has-post-thumbnail","6":"product_cat-apartamenty-dla-rodzin","7":"product_cat-apartamenty","8":"product_cat-apartamenty-z-miejscem-do-cumowania-lodzi","10":"first","11":"instock","12":"sold-individually","13":"shipping-taxable","14":"purchasable","15":"product-type-phive_booking"},"acf":[],"_links":{"self":[{"href":"https:\/\/murter-online.com\/pl\/wp-json\/wp\/v2\/product\/51939","targetHints":{"allow":["GET"]}}],"collection":[{"href":"https:\/\/murter-online.com\/pl\/wp-json\/wp\/v2\/product"}],"about":[{"href":"https:\/\/murter-online.com\/pl\/wp-json\/wp\/v2\/types\/product"}],"wp:featuredmedia":[{"embeddable":true,"href":"https:\/\/murter-online.com\/pl\/wp-json\/wp\/v2\/media\/20816"}],"wp:attachment":[{"href":"https:\/\/murter-online.com\/pl\/wp-json\/wp\/v2\/media?parent=51939"}],"wp:term":[{"taxonomy":"product_brand","embeddable":true,"href":"https:\/\/murter-online.com\/pl\/wp-json\/wp\/v2\/product_brand?post=51939"},{"taxonomy":"product_cat","embeddable":true,"href":"https:\/\/murter-online.com\/pl\/wp-json\/wp\/v2\/product_cat?post=51939"},{"taxonomy":"product_tag","embeddable":true,"href":"https:\/\/murter-online.com\/pl\/wp-json\/wp\/v2\/product_tag?post=51939"}],"curies":[{"name":"wp","href":"https:\/\/api.w.org\/{rel}","templated":true}]}}