{"id":51945,"date":"2024-12-29T19:18:02","date_gmt":"2024-12-29T19:18:02","guid":{"rendered":"https:\/\/murter.riot.hr\/?post_type=product&#038;p=51945"},"modified":"2025-01-24T19:19:03","modified_gmt":"2025-01-24T19:19:03","slug":"mieszkanie-w-starej-czesci-murteru-a21","status":"publish","type":"product","link":"https:\/\/murter-online.com\/pl\/produkt\/mieszkanie-w-starej-czesci-murteru-a21\/","title":{"rendered":"Mieszkanie w starej cz\u0119\u015bci Murteru A2+1"},"content":{"rendered":"","protected":false},"excerpt":{"rendered":"<p>Apartament dla 2+1 lub 2+2 os\u00f3b znajduje si\u0119 w starej cz\u0119\u015bci Murter w autentycznym dalmaty\u0144skim kamiennym domu. Mieszkanie ma jedn\u0105 sypialni\u0119, w kt\u00f3rej mog\u0105 spa\u0107 2 osoby doros\u0142e, w salonie znajduje si\u0119 sofa (dostawka), kt\u00f3ra mo\u017ce s\u0142u\u017cy\u0107 do spania. Kuchnia jest w pe\u0142ni wyposa\u017cona. Apartament posiada bezprzewodowy internet, klimatyzacj\u0119, zmywark\u0119, w pomieszczeniu gospodarczym na zewn\u0105trz mieszkania znajduje si\u0119 pralka, z kt\u00f3rej mo\u017cna korzysta\u0107 bezp\u0142atnie. Przed apartamentem du\u017cy taras z grillem. Apartament posiada bezp\u0142atny parking.<\/p>\n","protected":false},"featured_media":20892,"template":"","meta":{"_acf_changed":false},"product_brand":[],"product_cat":[153,131],"product_tag":[],"class_list":{"0":"post-51945","1":"product","2":"type-product","3":"status-publish","4":"has-post-thumbnail","6":"product_cat-apartamenty-dla-rodzin","7":"product_cat-apartamenty","9":"first","10":"instock","11":"sold-individually","12":"shipping-taxable","13":"purchasable","14":"product-type-phive_booking"},"acf":[],"_links":{"self":[{"href":"https:\/\/murter-online.com\/pl\/wp-json\/wp\/v2\/product\/51945","targetHints":{"allow":["GET"]}}],"collection":[{"href":"https:\/\/murter-online.com\/pl\/wp-json\/wp\/v2\/product"}],"about":[{"href":"https:\/\/murter-online.com\/pl\/wp-json\/wp\/v2\/types\/product"}],"wp:featuredmedia":[{"embeddable":true,"href":"https:\/\/murter-online.com\/pl\/wp-json\/wp\/v2\/media\/20892"}],"wp:attachment":[{"href":"https:\/\/murter-online.com\/pl\/wp-json\/wp\/v2\/media?parent=51945"}],"wp:term":[{"taxonomy":"product_brand","embeddable":true,"href":"https:\/\/murter-online.com\/pl\/wp-json\/wp\/v2\/product_brand?post=51945"},{"taxonomy":"product_cat","embeddable":true,"href":"https:\/\/murter-online.com\/pl\/wp-json\/wp\/v2\/product_cat?post=51945"},{"taxonomy":"product_tag","embeddable":true,"href":"https:\/\/murter-online.com\/pl\/wp-json\/wp\/v2\/product_tag?post=51945"}],"curies":[{"name":"wp","href":"https:\/\/api.w.org\/{rel}","templated":true}]}}