{"id":51957,"date":"2024-12-29T19:36:02","date_gmt":"2024-12-29T19:36:02","guid":{"rendered":"https:\/\/murter.riot.hr\/?post_type=product&#038;p=51957"},"modified":"2025-04-13T07:34:35","modified_gmt":"2025-04-13T06:34:35","slug":"dom-jersane-apartament-bella-vista-a21-id-56","status":"publish","type":"product","link":"https:\/\/murter-online.com\/pl\/produkt\/dom-jersane-apartament-bella-vista-a21-id-56\/","title":{"rendered":"Apartament wakacyjny nad morzem Jersane 1 Murter A2+1 ID 56"},"content":{"rendered":"","protected":false},"excerpt":{"rendered":"<p>Apartament Jersane Bella Vista A2+1 ID 56 znajduje si\u0119 w bardzo dobrej pozycji, zaledwie kilka metr\u00f3w od morza. W pobli\u017cu znajduje si\u0119 miejska pla\u017ca Luke, restauracja, kawiarnie i supermarket. Centrum miasta oddalone jest o oko\u0142o 10 minut spacerem. Mieszkanie posiada balkon, z kt\u00f3rego mo\u017cna podziwia\u0107 pi\u0119kny widok na morze i okoliczne wyspy. Apartament wyposa\u017cony jest w bezp\u0142atne WiFi i klimatyzacj\u0119. Po\u015bciel, r\u0119czniki i sprz\u0105tanie ko\u0144cowe s\u0105 wliczone w cen\u0119.<\/p>\n","protected":false},"featured_media":21004,"template":"","meta":{"_acf_changed":false},"product_brand":[],"product_cat":[153,131,154,151],"product_tag":[],"class_list":{"0":"post-51957","1":"product","2":"type-product","3":"status-publish","4":"has-post-thumbnail","6":"product_cat-apartamenty-dla-rodzin","7":"product_cat-apartamenty","8":"product_cat-apartamenty-z-miejscem-do-cumowania-lodzi","9":"product_cat-apartamenty-z-widokiem-na-morze","11":"first","12":"instock","13":"sold-individually","14":"shipping-taxable","15":"purchasable","16":"product-type-phive_booking"},"acf":[],"_links":{"self":[{"href":"https:\/\/murter-online.com\/pl\/wp-json\/wp\/v2\/product\/51957","targetHints":{"allow":["GET"]}}],"collection":[{"href":"https:\/\/murter-online.com\/pl\/wp-json\/wp\/v2\/product"}],"about":[{"href":"https:\/\/murter-online.com\/pl\/wp-json\/wp\/v2\/types\/product"}],"wp:featuredmedia":[{"embeddable":true,"href":"https:\/\/murter-online.com\/pl\/wp-json\/wp\/v2\/media\/21004"}],"wp:attachment":[{"href":"https:\/\/murter-online.com\/pl\/wp-json\/wp\/v2\/media?parent=51957"}],"wp:term":[{"taxonomy":"product_brand","embeddable":true,"href":"https:\/\/murter-online.com\/pl\/wp-json\/wp\/v2\/product_brand?post=51957"},{"taxonomy":"product_cat","embeddable":true,"href":"https:\/\/murter-online.com\/pl\/wp-json\/wp\/v2\/product_cat?post=51957"},{"taxonomy":"product_tag","embeddable":true,"href":"https:\/\/murter-online.com\/pl\/wp-json\/wp\/v2\/product_tag?post=51957"}],"curies":[{"name":"wp","href":"https:\/\/api.w.org\/{rel}","templated":true}]}}