{"id":51976,"date":"2024-12-29T20:08:29","date_gmt":"2024-12-29T20:08:29","guid":{"rendered":"https:\/\/murter.riot.hr\/?post_type=product&#038;p=51976"},"modified":"2025-04-13T07:55:20","modified_gmt":"2025-04-13T06:55:20","slug":"apartament-jezera-lucica-beach-marine-view-22-id-121","status":"publish","type":"product","link":"https:\/\/murter-online.com\/pl\/produkt\/apartament-jezera-lucica-beach-marine-view-22-id-121\/","title":{"rendered":"Apartamenty nad morzem przy pla\u017cy Lu\u010dica Jezera &#8211; wyspa Murter 2+2 ID 121"},"content":{"rendered":"","protected":false},"excerpt":{"rendered":"<p>Apartament z pi\u0119knym widokiem na morze znajduje si\u0119 tylko w doskona\u0142ej lokalizacji 70 m. od morza. Apartament wyposa\u017cony jest w tv, odbiornik satelitarny. Apartament posiada \u0142azienk\u0119 z prysznicem. Jest pok\u00f3j dzienny, w kt\u00f3rym mo\u017cesz spa\u0107.. Powierzchnia mieszkalna ma 30 m2. a balkon \/ taras ma 5 m2. W apartamencie mo\u017ce spa\u0107 2 os\u00f3b na g\u0142\u00f3wnych \u0142\u00f3\u017ckach a 1 osoba na rozk\u0142adanej sofie w salonie Apartament znajduje si\u0119 na parterze. Zwierz\u0119ta domowe &#8211; zgodnie z ustaleniami. apartament ma sw\u00f3j w\u0142asny bezp\u0142atny parking. Jest otwarty grill. Apartament jest 400m. daleko od centrum i oko\u0142o 70 m. daleko od morza lub pierwszej pla\u017cy w Jezera<\/p>\n","protected":false},"featured_media":21212,"template":"","meta":{"_acf_changed":false},"product_brand":[],"product_cat":[153,131,151],"product_tag":[],"class_list":{"0":"post-51976","1":"product","2":"type-product","3":"status-publish","4":"has-post-thumbnail","6":"product_cat-apartamenty-dla-rodzin","7":"product_cat-apartamenty","8":"product_cat-apartamenty-z-widokiem-na-morze","10":"first","11":"instock","12":"sold-individually","13":"shipping-taxable","14":"purchasable","15":"product-type-phive_booking"},"acf":[],"_links":{"self":[{"href":"https:\/\/murter-online.com\/pl\/wp-json\/wp\/v2\/product\/51976","targetHints":{"allow":["GET"]}}],"collection":[{"href":"https:\/\/murter-online.com\/pl\/wp-json\/wp\/v2\/product"}],"about":[{"href":"https:\/\/murter-online.com\/pl\/wp-json\/wp\/v2\/types\/product"}],"wp:featuredmedia":[{"embeddable":true,"href":"https:\/\/murter-online.com\/pl\/wp-json\/wp\/v2\/media\/21212"}],"wp:attachment":[{"href":"https:\/\/murter-online.com\/pl\/wp-json\/wp\/v2\/media?parent=51976"}],"wp:term":[{"taxonomy":"product_brand","embeddable":true,"href":"https:\/\/murter-online.com\/pl\/wp-json\/wp\/v2\/product_brand?post=51976"},{"taxonomy":"product_cat","embeddable":true,"href":"https:\/\/murter-online.com\/pl\/wp-json\/wp\/v2\/product_cat?post=51976"},{"taxonomy":"product_tag","embeddable":true,"href":"https:\/\/murter-online.com\/pl\/wp-json\/wp\/v2\/product_tag?post=51976"}],"curies":[{"name":"wp","href":"https:\/\/api.w.org\/{rel}","templated":true}]}}