{"id":51985,"date":"2025-01-03T08:40:47","date_gmt":"2025-01-03T08:40:47","guid":{"rendered":"https:\/\/murter.riot.hr\/?post_type=product&#038;p=51985"},"modified":"2025-04-14T09:06:31","modified_gmt":"2025-04-14T08:06:31","slug":"apartament-kornatska-panoramiczny-widok-a2-1-id-105","status":"publish","type":"product","link":"https:\/\/murter-online.com\/pl\/produkt\/apartament-kornatska-panoramiczny-widok-a2-1-id-105\/","title":{"rendered":"Apartament wakacyjny z widokiem na morze Kornatska Panoramiczny widok A2 + 1 ID 105"},"content":{"rendered":"","protected":false},"excerpt":{"rendered":"<div align=\"center\">\n<div class=\"max_width\" align=\"left\">\n<div>\n<div>Apartament Kornatska Panoramiczny widok A2 + 1 ID 105 z pi\u0119knym panoramicznym widokiem na morze i centrum Murter znajduje si\u0119 w doskona\u0142ej lokalizacji. Mieszkanie jest w pe\u0142ni wyposa\u017cone i zaledwie 350 metr\u00f3w od lokalnej pla\u017cy \u0141ukasza i pierwszego sklepu. Apartament znajduje si\u0119 10 minut spacerem od centrum i 550 metr\u00f3w od piaszczystej pla\u017cy Slanica.<\/div>\n<\/div>\n<\/div>\n<\/div>\n<div align=\"center\"><\/div>\n","protected":false},"featured_media":21432,"template":"","meta":{"_acf_changed":false},"product_brand":[],"product_cat":[153,131,151],"product_tag":[],"class_list":{"0":"post-51985","1":"product","2":"type-product","3":"status-publish","4":"has-post-thumbnail","6":"product_cat-apartamenty-dla-rodzin","7":"product_cat-apartamenty","8":"product_cat-apartamenty-z-widokiem-na-morze","10":"first","11":"instock","12":"sold-individually","13":"shipping-taxable","14":"purchasable","15":"product-type-phive_booking"},"acf":[],"_links":{"self":[{"href":"https:\/\/murter-online.com\/pl\/wp-json\/wp\/v2\/product\/51985","targetHints":{"allow":["GET"]}}],"collection":[{"href":"https:\/\/murter-online.com\/pl\/wp-json\/wp\/v2\/product"}],"about":[{"href":"https:\/\/murter-online.com\/pl\/wp-json\/wp\/v2\/types\/product"}],"wp:featuredmedia":[{"embeddable":true,"href":"https:\/\/murter-online.com\/pl\/wp-json\/wp\/v2\/media\/21432"}],"wp:attachment":[{"href":"https:\/\/murter-online.com\/pl\/wp-json\/wp\/v2\/media?parent=51985"}],"wp:term":[{"taxonomy":"product_brand","embeddable":true,"href":"https:\/\/murter-online.com\/pl\/wp-json\/wp\/v2\/product_brand?post=51985"},{"taxonomy":"product_cat","embeddable":true,"href":"https:\/\/murter-online.com\/pl\/wp-json\/wp\/v2\/product_cat?post=51985"},{"taxonomy":"product_tag","embeddable":true,"href":"https:\/\/murter-online.com\/pl\/wp-json\/wp\/v2\/product_tag?post=51985"}],"curies":[{"name":"wp","href":"https:\/\/api.w.org\/{rel}","templated":true}]}}