{"id":51993,"date":"2025-01-03T09:14:59","date_gmt":"2025-01-03T09:14:59","guid":{"rendered":"https:\/\/murter.riot.hr\/?post_type=product&#038;p=51993"},"modified":"2025-04-26T07:55:26","modified_gmt":"2025-04-26T06:55:26","slug":"apartament-luke-beach-family-place-2-a22-id-194","status":"publish","type":"product","link":"https:\/\/murter-online.com\/pl\/produkt\/apartament-luke-beach-family-place-2-a22-id-194\/","title":{"rendered":"Apartament wakacyjny dla rodziny pla\u017ca Luke New Murter 2 A2+2 ID 194"},"content":{"rendered":"","protected":false},"excerpt":{"rendered":"<p>Pi\u0119kny rodzinny apartament o powierzchni 40 metr\u00f3w kwadratowych z tarasem o powierzchni 12 metr\u00f3w kwadratowych. Mieszkanie znajduje si\u0119 na parterze, po generalnym remoncie iw pe\u0142ni wyposa\u017cone. Znajduje si\u0119 w doskona\u0142ej lokalizacji, 150 metr\u00f3w od pla\u017cy miejskiej \u0141ukasza, 450 metr\u00f3w od piaszczystej pla\u017cy Slanica, pierwszy sklep i plac zabaw dla dzieci znajduje si\u0119 150 metr\u00f3w od apartamentu. Apartament posiada klimatyzacj\u0119, WiFi, bezp\u0142atny parking przed apartamentem. Mieszkanie znajduje si\u0119 650 metr\u00f3w od centrum Murter.<\/p>\n","protected":false},"featured_media":21656,"template":"","meta":{"_acf_changed":false},"product_brand":[],"product_cat":[153,131],"product_tag":[],"class_list":{"0":"post-51993","1":"product","2":"type-product","3":"status-publish","4":"has-post-thumbnail","6":"product_cat-apartamenty-dla-rodzin","7":"product_cat-apartamenty","9":"first","10":"instock","11":"sold-individually","12":"shipping-taxable","13":"purchasable","14":"product-type-phive_booking"},"acf":[],"_links":{"self":[{"href":"https:\/\/murter-online.com\/pl\/wp-json\/wp\/v2\/product\/51993","targetHints":{"allow":["GET"]}}],"collection":[{"href":"https:\/\/murter-online.com\/pl\/wp-json\/wp\/v2\/product"}],"about":[{"href":"https:\/\/murter-online.com\/pl\/wp-json\/wp\/v2\/types\/product"}],"wp:featuredmedia":[{"embeddable":true,"href":"https:\/\/murter-online.com\/pl\/wp-json\/wp\/v2\/media\/21656"}],"wp:attachment":[{"href":"https:\/\/murter-online.com\/pl\/wp-json\/wp\/v2\/media?parent=51993"}],"wp:term":[{"taxonomy":"product_brand","embeddable":true,"href":"https:\/\/murter-online.com\/pl\/wp-json\/wp\/v2\/product_brand?post=51993"},{"taxonomy":"product_cat","embeddable":true,"href":"https:\/\/murter-online.com\/pl\/wp-json\/wp\/v2\/product_cat?post=51993"},{"taxonomy":"product_tag","embeddable":true,"href":"https:\/\/murter-online.com\/pl\/wp-json\/wp\/v2\/product_tag?post=51993"}],"curies":[{"name":"wp","href":"https:\/\/api.w.org\/{rel}","templated":true}]}}