{"id":51997,"date":"2025-01-03T11:55:11","date_gmt":"2025-01-03T11:55:11","guid":{"rendered":"https:\/\/murter.riot.hr\/?post_type=product&#038;p=51997"},"modified":"2025-04-26T08:11:12","modified_gmt":"2025-04-26T07:11:12","slug":"apartament-luke-beach-murter-a22-id-132","status":"publish","type":"product","link":"https:\/\/murter-online.com\/pl\/produkt\/apartament-luke-beach-murter-a22-id-132\/","title":{"rendered":"Apartament wakacyjny dla rodziny pla\u017ca Luke Barbara Murter A2+2 ID 132"},"content":{"rendered":"","protected":false},"excerpt":{"rendered":"<p>Mieszkanie znajduje si\u0119 w doskona\u0142ej lokalizacji, zaledwie 70 metr\u00f3w od morza. Mieszkanie ma powierzchni\u0119 35 m2. Jest jedna sypialnia, w kt\u00f3rej mog\u0105 spa\u0107 2 osoby doros\u0142e. Jest pok\u00f3j dzienny, w kt\u00f3rym mo\u017cna spa\u0107 &#8211; Jest dodatkowe \u0142\u00f3\u017cko dla jednej osoby. Do dyspozycji Go\u015bci jest \u0142azienka z prysznicem. Powierzchnia balkonu \/ tarasu to 5 m2. Mieszkanie znajduje si\u0119 na parterze. Mieszkanie wyposa\u017cone jest w TV, klimatyzacj\u0119, piekarnik. Parking jest wliczony w cen\u0119. Istnieje grill na \u015bwie\u017cym powietrzu, z kt\u00f3rego mo\u017cna korzysta\u0107. Zwierz\u0119ta s\u0105 akceptowane za dodatkow\u0105 op\u0142at\u0105.<\/p>\n","protected":false},"featured_media":21760,"template":"","meta":{"_acf_changed":false},"product_brand":[],"product_cat":[153,131],"product_tag":[],"class_list":{"0":"post-51997","1":"product","2":"type-product","3":"status-publish","4":"has-post-thumbnail","6":"product_cat-apartamenty-dla-rodzin","7":"product_cat-apartamenty","9":"first","10":"instock","11":"sold-individually","12":"shipping-taxable","13":"purchasable","14":"product-type-phive_booking"},"acf":[],"_links":{"self":[{"href":"https:\/\/murter-online.com\/pl\/wp-json\/wp\/v2\/product\/51997","targetHints":{"allow":["GET"]}}],"collection":[{"href":"https:\/\/murter-online.com\/pl\/wp-json\/wp\/v2\/product"}],"about":[{"href":"https:\/\/murter-online.com\/pl\/wp-json\/wp\/v2\/types\/product"}],"wp:featuredmedia":[{"embeddable":true,"href":"https:\/\/murter-online.com\/pl\/wp-json\/wp\/v2\/media\/21760"}],"wp:attachment":[{"href":"https:\/\/murter-online.com\/pl\/wp-json\/wp\/v2\/media?parent=51997"}],"wp:term":[{"taxonomy":"product_brand","embeddable":true,"href":"https:\/\/murter-online.com\/pl\/wp-json\/wp\/v2\/product_brand?post=51997"},{"taxonomy":"product_cat","embeddable":true,"href":"https:\/\/murter-online.com\/pl\/wp-json\/wp\/v2\/product_cat?post=51997"},{"taxonomy":"product_tag","embeddable":true,"href":"https:\/\/murter-online.com\/pl\/wp-json\/wp\/v2\/product_tag?post=51997"}],"curies":[{"name":"wp","href":"https:\/\/api.w.org\/{rel}","templated":true}]}}