{"id":52014,"date":"2025-01-03T13:27:23","date_gmt":"2025-01-03T13:27:23","guid":{"rendered":"https:\/\/murter.riot.hr\/?post_type=product&#038;p=52014"},"modified":"2025-04-16T15:04:34","modified_gmt":"2025-04-16T14:04:34","slug":"apartament-luke-sabuni-beachfront-view-a21-id-166","status":"publish","type":"product","link":"https:\/\/murter-online.com\/pl\/produkt\/apartament-luke-sabuni-beachfront-view-a21-id-166\/","title":{"rendered":"Apartament wakacyjny na pla\u017cy Luke wyspa A2+1 ID 166"},"content":{"rendered":"","protected":false},"excerpt":{"rendered":"<p>Apartament z pi\u0119knym widokiem na morze znajduje si\u0119 w doskona\u0142ej lokalizacji zaledwie 50 metr\u00f3w od morza. Apartament ma powierzchni\u0119 30 m2. Posiada jedn\u0105 sypialni\u0119, w kt\u00f3rej mog\u0105 spa\u0107 2 osoby doros\u0142e. Istnieje dodatkowe \u0142\u00f3\u017cko dla jednej osoby, kt\u00f3re mo\u017ce by\u0107 u\u017cywane. Do dyspozycji Go\u015bci jest \u0142azienka z prysznicem. Powierzchnia balkonu \/ tarasu wynosi 5 m2. Apartament znajduje si\u0119 na drugim pi\u0119trze. Apartament wyposa\u017cone jest w TV, klimatyzacj\u0119, piekarnik, bezp\u0142atne \u0142\u0105cze internetowe wifi. Parking jest wliczony w cen\u0119. Zwierz\u0119ta domowe na zapytanie.<\/p>\n","protected":false},"featured_media":22092,"template":"","meta":{"_acf_changed":false},"product_brand":[],"product_cat":[153,131,151],"product_tag":[],"class_list":{"0":"post-52014","1":"product","2":"type-product","3":"status-publish","4":"has-post-thumbnail","6":"product_cat-apartamenty-dla-rodzin","7":"product_cat-apartamenty","8":"product_cat-apartamenty-z-widokiem-na-morze","10":"first","11":"instock","12":"sold-individually","13":"shipping-taxable","14":"purchasable","15":"product-type-phive_booking"},"acf":[],"_links":{"self":[{"href":"https:\/\/murter-online.com\/pl\/wp-json\/wp\/v2\/product\/52014","targetHints":{"allow":["GET"]}}],"collection":[{"href":"https:\/\/murter-online.com\/pl\/wp-json\/wp\/v2\/product"}],"about":[{"href":"https:\/\/murter-online.com\/pl\/wp-json\/wp\/v2\/types\/product"}],"wp:featuredmedia":[{"embeddable":true,"href":"https:\/\/murter-online.com\/pl\/wp-json\/wp\/v2\/media\/22092"}],"wp:attachment":[{"href":"https:\/\/murter-online.com\/pl\/wp-json\/wp\/v2\/media?parent=52014"}],"wp:term":[{"taxonomy":"product_brand","embeddable":true,"href":"https:\/\/murter-online.com\/pl\/wp-json\/wp\/v2\/product_brand?post=52014"},{"taxonomy":"product_cat","embeddable":true,"href":"https:\/\/murter-online.com\/pl\/wp-json\/wp\/v2\/product_cat?post=52014"},{"taxonomy":"product_tag","embeddable":true,"href":"https:\/\/murter-online.com\/pl\/wp-json\/wp\/v2\/product_tag?post=52014"}],"curies":[{"name":"wp","href":"https:\/\/api.w.org\/{rel}","templated":true}]}}