{"id":52018,"date":"2025-01-03T14:48:36","date_gmt":"2025-01-03T14:48:36","guid":{"rendered":"https:\/\/murter.riot.hr\/?post_type=product&#038;p=52018"},"modified":"2025-04-13T09:21:19","modified_gmt":"2025-04-13T08:21:19","slug":"dom-luke-murter-apartament-seahell-a22-id-81","status":"publish","type":"product","link":"https:\/\/murter-online.com\/pl\/produkt\/dom-luke-murter-apartament-seahell-a22-id-81\/","title":{"rendered":"Apartament wakacyjny blisko pla\u017cy Luke wyspa MurterA2+2 ID 81"},"content":{"rendered":"","protected":false},"excerpt":{"rendered":"<div align=\"center\">\n<div class=\"max_width\" align=\"left\">\n<div>\n<div>Mieszkanie znajduje si\u0119 w doskona\u0142ej lokalizacji, zaledwie 250 metr\u00f3w od morza. Mieszkanie ma powierzchni\u0119 40 m2. Posiada jedn\u0105 sypialni\u0119, kt\u00f3ra mo\u017ce pomie\u015bci\u0107 2 osoby doros\u0142e. Posiada pok\u00f3j dzienny, kt\u00f3ry mo\u017ce s\u0142u\u017cy\u0107 do spania &#8211; Posiada dodatkowe \u0142\u00f3\u017cko dla jednej osoby. Do dyspozycji Go\u015bci jest \u0142azienka z prysznicem. Powierzchnia balkonu \/ tarasu wynosi 8 m2. Mieszkanie znajduje si\u0119 na pierwszym pi\u0119trze. Mieszkanie wyposa\u017cone jest w TV, klimatyzacj\u0119, odbiornik satelitarny, piekarnik, bezp\u0142atne \u0142\u0105cze internetowe wifi. Parking jest wliczony w cen\u0119. Mieszkanie znajduje si\u0119 oko\u0142o 250 m od centrum i 250 m od morza lub pierwszej pla\u017cy w Murter. Zwierz\u0119ta nie s\u0105 akceptowane.<\/div>\n<\/div>\n<\/div>\n<\/div>\n<div align=\"center\"><\/div>\n","protected":false},"featured_media":22136,"template":"","meta":{"_acf_changed":false},"product_brand":[],"product_cat":[153,131,151],"product_tag":[],"class_list":{"0":"post-52018","1":"product","2":"type-product","3":"status-publish","4":"has-post-thumbnail","6":"product_cat-apartamenty-dla-rodzin","7":"product_cat-apartamenty","8":"product_cat-apartamenty-z-widokiem-na-morze","10":"first","11":"instock","12":"sold-individually","13":"shipping-taxable","14":"purchasable","15":"product-type-phive_booking"},"acf":[],"_links":{"self":[{"href":"https:\/\/murter-online.com\/pl\/wp-json\/wp\/v2\/product\/52018","targetHints":{"allow":["GET"]}}],"collection":[{"href":"https:\/\/murter-online.com\/pl\/wp-json\/wp\/v2\/product"}],"about":[{"href":"https:\/\/murter-online.com\/pl\/wp-json\/wp\/v2\/types\/product"}],"wp:featuredmedia":[{"embeddable":true,"href":"https:\/\/murter-online.com\/pl\/wp-json\/wp\/v2\/media\/22136"}],"wp:attachment":[{"href":"https:\/\/murter-online.com\/pl\/wp-json\/wp\/v2\/media?parent=52018"}],"wp:term":[{"taxonomy":"product_brand","embeddable":true,"href":"https:\/\/murter-online.com\/pl\/wp-json\/wp\/v2\/product_brand?post=52018"},{"taxonomy":"product_cat","embeddable":true,"href":"https:\/\/murter-online.com\/pl\/wp-json\/wp\/v2\/product_cat?post=52018"},{"taxonomy":"product_tag","embeddable":true,"href":"https:\/\/murter-online.com\/pl\/wp-json\/wp\/v2\/product_tag?post=52018"}],"curies":[{"name":"wp","href":"https:\/\/api.w.org\/{rel}","templated":true}]}}