{"id":52026,"date":"2025-01-03T15:47:32","date_gmt":"2025-01-03T15:47:32","guid":{"rendered":"https:\/\/murter.riot.hr\/?post_type=product&#038;p=52026"},"modified":"2025-01-25T07:10:57","modified_gmt":"2025-01-25T07:10:57","slug":"apartment-marina-murter-a21-id-124","status":"publish","type":"product","link":"https:\/\/murter-online.com\/pl\/produkt\/apartment-marina-murter-a21-id-124\/","title":{"rendered":"Apartment Marina Murter A2+1 ID 124"},"content":{"rendered":"","protected":false},"excerpt":{"rendered":"<p>Mieszkanie jest w pe\u0142ni wyposa\u017cone, 250 metr\u00f3w od pierwszej pla\u017cy. Mieszkanie ma powierzchni\u0119 37 m2. Posiada jedn\u0105 sypialni\u0119, kt\u00f3ra mo\u017ce pomie\u015bci\u0107 2 osoby doros\u0142e. Posiada pok\u00f3j dzienny, kt\u00f3ry mo\u017ce s\u0142u\u017cy\u0107 do spania &#8211; Posiada dodatkowe \u0142\u00f3\u017cko dla dw\u00f3ch os\u00f3b. Do dyspozycji Go\u015bci jest \u0142azienka z prysznicem. Powierzchnia balkonu \/ tarasu 10 m2. Mieszkanie znajduje si\u0119 na parterze. Apartament wyposa\u017cony jest w TV, klimatyzacj\u0119, piekarnik, mikrofal\u00f3wk\u0119, ekspres do kawy, WI-fi. Parking jest bezp\u0142atny. Zwierz\u0119ta s\u0105 akceptowane za dodatkow\u0105 op\u0142at\u0105.<\/p>\n","protected":false},"featured_media":23108,"template":"","meta":{"_acf_changed":false},"product_brand":[],"product_cat":[153,131],"product_tag":[],"class_list":{"0":"post-52026","1":"product","2":"type-product","3":"status-publish","4":"has-post-thumbnail","6":"product_cat-apartamenty-dla-rodzin","7":"product_cat-apartamenty","9":"first","10":"instock","11":"sold-individually","12":"shipping-taxable","13":"purchasable","14":"product-type-phive_booking"},"acf":[],"_links":{"self":[{"href":"https:\/\/murter-online.com\/pl\/wp-json\/wp\/v2\/product\/52026","targetHints":{"allow":["GET"]}}],"collection":[{"href":"https:\/\/murter-online.com\/pl\/wp-json\/wp\/v2\/product"}],"about":[{"href":"https:\/\/murter-online.com\/pl\/wp-json\/wp\/v2\/types\/product"}],"wp:featuredmedia":[{"embeddable":true,"href":"https:\/\/murter-online.com\/pl\/wp-json\/wp\/v2\/media\/23108"}],"wp:attachment":[{"href":"https:\/\/murter-online.com\/pl\/wp-json\/wp\/v2\/media?parent=52026"}],"wp:term":[{"taxonomy":"product_brand","embeddable":true,"href":"https:\/\/murter-online.com\/pl\/wp-json\/wp\/v2\/product_brand?post=52026"},{"taxonomy":"product_cat","embeddable":true,"href":"https:\/\/murter-online.com\/pl\/wp-json\/wp\/v2\/product_cat?post=52026"},{"taxonomy":"product_tag","embeddable":true,"href":"https:\/\/murter-online.com\/pl\/wp-json\/wp\/v2\/product_tag?post=52026"}],"curies":[{"name":"wp","href":"https:\/\/api.w.org\/{rel}","templated":true}]}}