{"id":52031,"date":"2025-01-03T15:53:47","date_gmt":"2025-01-03T15:53:47","guid":{"rendered":"https:\/\/murter.riot.hr\/?post_type=product&#038;p=52031"},"modified":"2025-01-25T07:18:58","modified_gmt":"2025-01-25T07:18:58","slug":"dom-dragica-apartment-mihaela-murter-a22-id-25","status":"publish","type":"product","link":"https:\/\/murter-online.com\/pl\/produkt\/dom-dragica-apartment-mihaela-murter-a22-id-25\/","title":{"rendered":"Dom Dragica Apartment Mihaela Murter A2+2 ID 25"},"content":{"rendered":"","protected":false},"excerpt":{"rendered":"<p>Apartament znajduje si\u0119 w dobrej lokalizacji 400m. od morza. Apartament wyposa\u017cony jest w tv, piekarnik. Apartament posiada \u0142azienk\u0119 z prysznicem. Jest pok\u00f3j dzienny. Powierzchnia mieszkalna ma 30 m2. a balkon \/ taras ma 10 m2. W apartamencie mo\u017ce spa\u0107 3 os\u00f3b na g\u0142\u00f3wnych \u0142\u00f3\u017ckach Apartament znajduje si\u0119 na pierwszym pi\u0119trze. Zwierz\u0119ta domowe &#8211; niedozwolone. apartament ma sw\u00f3j w\u0142asny bezp\u0142atny parking. Apartament jest 1000m. daleko od centrum i oko\u0142o 400m. daleko od morza lub pierwszej pla\u017cy w Murter.<\/p>\n","protected":false},"featured_media":23488,"template":"","meta":{"_acf_changed":false},"product_brand":[],"product_cat":[153,131],"product_tag":[],"class_list":{"0":"post-52031","1":"product","2":"type-product","3":"status-publish","4":"has-post-thumbnail","6":"product_cat-apartamenty-dla-rodzin","7":"product_cat-apartamenty","9":"first","10":"instock","11":"sold-individually","12":"shipping-taxable","13":"purchasable","14":"product-type-phive_booking"},"acf":[],"_links":{"self":[{"href":"https:\/\/murter-online.com\/pl\/wp-json\/wp\/v2\/product\/52031","targetHints":{"allow":["GET"]}}],"collection":[{"href":"https:\/\/murter-online.com\/pl\/wp-json\/wp\/v2\/product"}],"about":[{"href":"https:\/\/murter-online.com\/pl\/wp-json\/wp\/v2\/types\/product"}],"wp:featuredmedia":[{"embeddable":true,"href":"https:\/\/murter-online.com\/pl\/wp-json\/wp\/v2\/media\/23488"}],"wp:attachment":[{"href":"https:\/\/murter-online.com\/pl\/wp-json\/wp\/v2\/media?parent=52031"}],"wp:term":[{"taxonomy":"product_brand","embeddable":true,"href":"https:\/\/murter-online.com\/pl\/wp-json\/wp\/v2\/product_brand?post=52031"},{"taxonomy":"product_cat","embeddable":true,"href":"https:\/\/murter-online.com\/pl\/wp-json\/wp\/v2\/product_cat?post=52031"},{"taxonomy":"product_tag","embeddable":true,"href":"https:\/\/murter-online.com\/pl\/wp-json\/wp\/v2\/product_tag?post=52031"}],"curies":[{"name":"wp","href":"https:\/\/api.w.org\/{rel}","templated":true}]}}