{"id":52035,"date":"2025-01-03T15:59:57","date_gmt":"2025-01-03T15:59:57","guid":{"rendered":"https:\/\/murter.riot.hr\/?post_type=product&#038;p=52035"},"modified":"2025-04-13T10:14:18","modified_gmt":"2025-04-13T09:14:18","slug":"dom-mira-apartament-mira-sunshine-a2-id-54","status":"publish","type":"product","link":"https:\/\/murter-online.com\/pl\/produkt\/dom-mira-apartament-mira-sunshine-a2-id-54\/","title":{"rendered":"Apartament wakacyjny z widokiem na morze Mira Murter A2 ID 54"},"content":{"rendered":"","protected":false},"excerpt":{"rendered":"<p>Uk\u0142ad pokoju: Kuchnia, salon, jadalnia, Ilo\u015b\u0107 sypialni z podw\u00f3jnym \u0142\u00f3\u017ckiem: 1, Ilo\u015b\u0107 \u0142azienek z prysznicem i WC: 1, Rozmiar tarasu: Wyposa\u017cenie jednostki zakwaterowania: Klimatyzacja, Telewizja satelitarna, Brak pralki, Lod\u00f3wka, Kuchenka, TV, Ogrzewanie, Radio \/ CD, Internet, Grill, Pozycja i wygl\u0105d zewn\u0119trzny kwatery: Widok morza, Wsp\u00f3lne wej\u015bcie, 1. pi\u0119tro, Dodatkowe informacje: Zameldowanie od: 14h, Wymeldowanie do: 10h, Zwierz\u0119ta nie s\u0105 akceptowane, palenie nie jest dozwolone, Cena zawiera: Cotygodniowa zmiana po\u015bcieli, R\u0119czniki, Przybory kuchenne i kuchenne, Zu\u017cycie energii elektrycznej, wody i gazu, Przybory do czyszczenia, Papier toaletowy (po przyje\u017adzie), Sprz\u0105tanie ko\u0144cowe,<\/p>\n","protected":false},"featured_media":23588,"template":"","meta":{"_acf_changed":false},"product_brand":[],"product_cat":[153,131,151],"product_tag":[],"class_list":{"0":"post-52035","1":"product","2":"type-product","3":"status-publish","4":"has-post-thumbnail","6":"product_cat-apartamenty-dla-rodzin","7":"product_cat-apartamenty","8":"product_cat-apartamenty-z-widokiem-na-morze","10":"first","11":"instock","12":"sold-individually","13":"shipping-taxable","14":"purchasable","15":"product-type-phive_booking"},"acf":[],"_links":{"self":[{"href":"https:\/\/murter-online.com\/pl\/wp-json\/wp\/v2\/product\/52035","targetHints":{"allow":["GET"]}}],"collection":[{"href":"https:\/\/murter-online.com\/pl\/wp-json\/wp\/v2\/product"}],"about":[{"href":"https:\/\/murter-online.com\/pl\/wp-json\/wp\/v2\/types\/product"}],"wp:featuredmedia":[{"embeddable":true,"href":"https:\/\/murter-online.com\/pl\/wp-json\/wp\/v2\/media\/23588"}],"wp:attachment":[{"href":"https:\/\/murter-online.com\/pl\/wp-json\/wp\/v2\/media?parent=52035"}],"wp:term":[{"taxonomy":"product_brand","embeddable":true,"href":"https:\/\/murter-online.com\/pl\/wp-json\/wp\/v2\/product_brand?post=52035"},{"taxonomy":"product_cat","embeddable":true,"href":"https:\/\/murter-online.com\/pl\/wp-json\/wp\/v2\/product_cat?post=52035"},{"taxonomy":"product_tag","embeddable":true,"href":"https:\/\/murter-online.com\/pl\/wp-json\/wp\/v2\/product_tag?post=52035"}],"curies":[{"name":"wp","href":"https:\/\/api.w.org\/{rel}","templated":true}]}}