{"id":52039,"date":"2025-01-03T16:06:44","date_gmt":"2025-01-03T15:06:44","guid":{"rendered":"https:\/\/murter.riot.hr\/?post_type=product&#038;p=52039"},"modified":"2025-04-13T13:18:03","modified_gmt":"2025-04-13T12:18:03","slug":"apartament-murter-budget-a21-id-214","status":"publish","type":"product","link":"https:\/\/murter-online.com\/pl\/produkt\/apartament-murter-budget-a21-id-214\/","title":{"rendered":"Apartament wakacyjny z widokiem na morze Budget Murter A2+1 ID 214"},"content":{"rendered":"","protected":false},"excerpt":{"rendered":"<p>Kawalerka w Murter! Mieszkanie znajduje si\u0119 mi\u0119dzy lokaln\u0105 pla\u017c\u0105 \u0141ukasza a piaszczyst\u0105 pla\u017c\u0105 Slanica, max.10 minut spacerem do centrum Murteru. Mieszkanie ma \u0142\u00f3\u017cko pi\u0119trowe, klimatyzacj\u0119, \u0142azienk\u0119 i ma\u0142\u0105 kuchni\u0119. Parking jest dost\u0119pny i bezp\u0142atny.<\/p>\n","protected":false},"featured_media":23848,"template":"","meta":{"_acf_changed":false},"product_brand":[],"product_cat":[153,131,151,155],"product_tag":[],"class_list":{"0":"post-52039","1":"product","2":"type-product","3":"status-publish","4":"has-post-thumbnail","6":"product_cat-apartamenty-dla-rodzin","7":"product_cat-apartamenty","8":"product_cat-apartamenty-z-widokiem-na-morze","9":"product_cat-kawalerka","11":"first","12":"instock","13":"sold-individually","14":"shipping-taxable","15":"purchasable","16":"product-type-phive_booking"},"acf":[],"_links":{"self":[{"href":"https:\/\/murter-online.com\/pl\/wp-json\/wp\/v2\/product\/52039","targetHints":{"allow":["GET"]}}],"collection":[{"href":"https:\/\/murter-online.com\/pl\/wp-json\/wp\/v2\/product"}],"about":[{"href":"https:\/\/murter-online.com\/pl\/wp-json\/wp\/v2\/types\/product"}],"wp:featuredmedia":[{"embeddable":true,"href":"https:\/\/murter-online.com\/pl\/wp-json\/wp\/v2\/media\/23848"}],"wp:attachment":[{"href":"https:\/\/murter-online.com\/pl\/wp-json\/wp\/v2\/media?parent=52039"}],"wp:term":[{"taxonomy":"product_brand","embeddable":true,"href":"https:\/\/murter-online.com\/pl\/wp-json\/wp\/v2\/product_brand?post=52039"},{"taxonomy":"product_cat","embeddable":true,"href":"https:\/\/murter-online.com\/pl\/wp-json\/wp\/v2\/product_cat?post=52039"},{"taxonomy":"product_tag","embeddable":true,"href":"https:\/\/murter-online.com\/pl\/wp-json\/wp\/v2\/product_tag?post=52039"}],"curies":[{"name":"wp","href":"https:\/\/api.w.org\/{rel}","templated":true}]}}