{"id":52044,"date":"2025-01-03T16:18:45","date_gmt":"2025-01-03T16:18:45","guid":{"rendered":"https:\/\/murter.riot.hr\/?post_type=product&#038;p=52044"},"modified":"2025-05-01T13:01:36","modified_gmt":"2025-05-01T12:01:36","slug":"apartament-murter-budget-a21-id-225","status":"publish","type":"product","link":"https:\/\/murter-online.com\/pl\/produkt\/apartament-murter-budget-a21-id-225\/","title":{"rendered":"Apartament wakacyjny dla rodziny Budget Murter A2+1 ID 225"},"content":{"rendered":"","protected":false},"excerpt":{"rendered":"<div align=\"center\">\n<div class=\"max_width\" align=\"left\">\n<div>\n<div>Mieszkanie znajduje si\u0119 w pobli\u017cu piaszczystej pla\u017cy Slanica i lokalnej pla\u017cy \u0141ukasza, posiada jedn\u0105 sypialni\u0119, w kt\u00f3rej mog\u0105 spa\u0107 dwie osoby doros\u0142e, w salonie znajduje si\u0119 dodatkowe \u0142\u00f3\u017cko, kt\u00f3re mo\u017cna wykorzysta\u0107 do spania. Kuchnia w pe\u0142ni wyposa\u017cona. Na ogrodzonym tarasie znajduje si\u0119 grill. Parking jest bezp\u0142atny i znajduje si\u0119 przed domem.<\/div>\n<\/div>\n<\/div>\n<\/div>\n<div align=\"center\"><\/div>\n","protected":false},"featured_media":23948,"template":"","meta":{"_acf_changed":false},"product_brand":[],"product_cat":[153,131],"product_tag":[],"class_list":{"0":"post-52044","1":"product","2":"type-product","3":"status-publish","4":"has-post-thumbnail","6":"product_cat-apartamenty-dla-rodzin","7":"product_cat-apartamenty","9":"first","10":"instock","11":"sold-individually","12":"shipping-taxable","13":"purchasable","14":"product-type-phive_booking"},"acf":[],"_links":{"self":[{"href":"https:\/\/murter-online.com\/pl\/wp-json\/wp\/v2\/product\/52044","targetHints":{"allow":["GET"]}}],"collection":[{"href":"https:\/\/murter-online.com\/pl\/wp-json\/wp\/v2\/product"}],"about":[{"href":"https:\/\/murter-online.com\/pl\/wp-json\/wp\/v2\/types\/product"}],"wp:featuredmedia":[{"embeddable":true,"href":"https:\/\/murter-online.com\/pl\/wp-json\/wp\/v2\/media\/23948"}],"wp:attachment":[{"href":"https:\/\/murter-online.com\/pl\/wp-json\/wp\/v2\/media?parent=52044"}],"wp:term":[{"taxonomy":"product_brand","embeddable":true,"href":"https:\/\/murter-online.com\/pl\/wp-json\/wp\/v2\/product_brand?post=52044"},{"taxonomy":"product_cat","embeddable":true,"href":"https:\/\/murter-online.com\/pl\/wp-json\/wp\/v2\/product_cat?post=52044"},{"taxonomy":"product_tag","embeddable":true,"href":"https:\/\/murter-online.com\/pl\/wp-json\/wp\/v2\/product_tag?post=52044"}],"curies":[{"name":"wp","href":"https:\/\/api.w.org\/{rel}","templated":true}]}}