{"id":52053,"date":"2025-01-04T11:15:00","date_gmt":"2025-01-04T11:15:00","guid":{"rendered":"https:\/\/murter.riot.hr\/?post_type=product&#038;p=52053"},"modified":"2025-04-26T10:46:40","modified_gmt":"2025-04-26T09:46:40","slug":"apartament-murter-centrum-a21-id-301","status":"publish","type":"product","link":"https:\/\/murter-online.com\/pl\/produkt\/apartament-murter-centrum-a21-id-301\/","title":{"rendered":"Apartament Murter Centrum A2+1 ID 301"},"content":{"rendered":"","protected":false},"excerpt":{"rendered":"<p>Mieszkanie z jedn\u0105 sypialni\u0105 znajduje si\u0119 w pobli\u017cu centrum Murter. Mieszkanie ma jedn\u0105 sypialni\u0119, w kt\u00f3rej mog\u0105 spa\u0107 2 osoby doros\u0142e. W apartamencie znajduje si\u0119 du\u017cy salon z mo\u017cliwo\u015bci\u0105 dostawki, na kanapie mo\u017ce spa\u0107 1 osoba doros\u0142a lub dw\u00f3jka mniejszych dzieci. Mieszkanie ma 70 metr\u00f3w kwadratowych. Mieszkanie jest w pe\u0142ni wyposa\u017cone. Mieszkanie posiada klimatyzacj\u0119, bezp\u0142atne WiFi, kuchenk\u0119 mikrofalow\u0105, toster, czajnik, ekspres do kawy. Go\u015bcie mog\u0105 parkowa\u0107 bezp\u0142atnie przed domem. Najbli\u017csza pla\u017ca to lokalna pla\u017ca Luke i lokalna pla\u017ca Zdra\u010de w Betina. Pla\u017ce s\u0105 odpowiednie dla dzieci i os\u00f3b starszych. Cena podana w cenniku obowi\u0105zuje przy 2 osobach, za ka\u017cd\u0105 dodatkow\u0105 osob\u0119 przebywaj\u0105c\u0105 w apartamencie pobierana jest dodatkowa op\u0142ata w wysoko\u015bci 10 euro za dzie\u0144.<\/p>\n","protected":false},"featured_media":24052,"template":"","meta":{"_acf_changed":false},"product_brand":[],"product_cat":[153,131],"product_tag":[],"class_list":{"0":"post-52053","1":"product","2":"type-product","3":"status-publish","4":"has-post-thumbnail","6":"product_cat-apartamenty-dla-rodzin","7":"product_cat-apartamenty","9":"first","10":"instock","11":"sold-individually","12":"shipping-taxable","13":"purchasable","14":"product-type-phive_booking"},"acf":[],"_links":{"self":[{"href":"https:\/\/murter-online.com\/pl\/wp-json\/wp\/v2\/product\/52053","targetHints":{"allow":["GET"]}}],"collection":[{"href":"https:\/\/murter-online.com\/pl\/wp-json\/wp\/v2\/product"}],"about":[{"href":"https:\/\/murter-online.com\/pl\/wp-json\/wp\/v2\/types\/product"}],"wp:featuredmedia":[{"embeddable":true,"href":"https:\/\/murter-online.com\/pl\/wp-json\/wp\/v2\/media\/24052"}],"wp:attachment":[{"href":"https:\/\/murter-online.com\/pl\/wp-json\/wp\/v2\/media?parent=52053"}],"wp:term":[{"taxonomy":"product_brand","embeddable":true,"href":"https:\/\/murter-online.com\/pl\/wp-json\/wp\/v2\/product_brand?post=52053"},{"taxonomy":"product_cat","embeddable":true,"href":"https:\/\/murter-online.com\/pl\/wp-json\/wp\/v2\/product_cat?post=52053"},{"taxonomy":"product_tag","embeddable":true,"href":"https:\/\/murter-online.com\/pl\/wp-json\/wp\/v2\/product_tag?post=52053"}],"curies":[{"name":"wp","href":"https:\/\/api.w.org\/{rel}","templated":true}]}}