{"id":52057,"date":"2025-01-04T11:21:36","date_gmt":"2025-01-04T11:21:36","guid":{"rendered":"https:\/\/murter.riot.hr\/?post_type=product&#038;p=52057"},"modified":"2025-04-13T13:30:22","modified_gmt":"2025-04-13T12:30:22","slug":"apartament-murter-center-way-a21-id-64","status":"publish","type":"product","link":"https:\/\/murter-online.com\/pl\/produkt\/apartament-murter-center-way-a21-id-64\/","title":{"rendered":"Apartament wakacyjny z widokiem na morze Center Way Murter A2+1 ID 64"},"content":{"rendered":"","protected":false},"excerpt":{"rendered":"<p>Apartament Sea Dream A2 + 1 ID 64 znajduje si\u0119 w pobli\u017cu centrum Murter. Mieszkanie posiada balkon z widokiem na morze i okoliczne wyspy. Standardowe wyposa\u017cenie apartamentu to rozk\u0142adana sofa, telewizja satelitarna oraz w pe\u0142ni wyposa\u017cona kuchnia. W ka\u017cdym apartamencie mo\u017cna bezp\u0142atnie korzysta\u0107 z bezprzewodowego dost\u0119pu do Internetu. R\u0119czniki, po\u015bciel i sprz\u0105tanie ko\u0144cowe s\u0105 wliczone w cen\u0119.<\/p>\n","protected":false},"featured_media":24112,"template":"","meta":{"_acf_changed":false},"product_brand":[],"product_cat":[153,131,151],"product_tag":[],"class_list":{"0":"post-52057","1":"product","2":"type-product","3":"status-publish","4":"has-post-thumbnail","6":"product_cat-apartamenty-dla-rodzin","7":"product_cat-apartamenty","8":"product_cat-apartamenty-z-widokiem-na-morze","10":"first","11":"instock","12":"sold-individually","13":"shipping-taxable","14":"purchasable","15":"product-type-phive_booking"},"acf":[],"_links":{"self":[{"href":"https:\/\/murter-online.com\/pl\/wp-json\/wp\/v2\/product\/52057","targetHints":{"allow":["GET"]}}],"collection":[{"href":"https:\/\/murter-online.com\/pl\/wp-json\/wp\/v2\/product"}],"about":[{"href":"https:\/\/murter-online.com\/pl\/wp-json\/wp\/v2\/types\/product"}],"wp:featuredmedia":[{"embeddable":true,"href":"https:\/\/murter-online.com\/pl\/wp-json\/wp\/v2\/media\/24112"}],"wp:attachment":[{"href":"https:\/\/murter-online.com\/pl\/wp-json\/wp\/v2\/media?parent=52057"}],"wp:term":[{"taxonomy":"product_brand","embeddable":true,"href":"https:\/\/murter-online.com\/pl\/wp-json\/wp\/v2\/product_brand?post=52057"},{"taxonomy":"product_cat","embeddable":true,"href":"https:\/\/murter-online.com\/pl\/wp-json\/wp\/v2\/product_cat?post=52057"},{"taxonomy":"product_tag","embeddable":true,"href":"https:\/\/murter-online.com\/pl\/wp-json\/wp\/v2\/product_tag?post=52057"}],"curies":[{"name":"wp","href":"https:\/\/api.w.org\/{rel}","templated":true}]}}