{"id":52061,"date":"2025-01-04T12:51:42","date_gmt":"2025-01-04T12:51:42","guid":{"rendered":"https:\/\/murter.riot.hr\/?post_type=product&#038;p=52061"},"modified":"2025-04-18T08:31:09","modified_gmt":"2025-04-18T07:31:09","slug":"apartment-murter-center-way-a21-id-86","status":"publish","type":"product","link":"https:\/\/murter-online.com\/pl\/produkt\/apartment-murter-center-way-a21-id-86\/","title":{"rendered":"Apartament wakacyjny Murter Centrum A2+1 ID 86"},"content":{"rendered":"","protected":false},"excerpt":{"rendered":"<p>Mieszkanie znajduje si\u0119 oko\u0142o 600 metr\u00f3w od morza. Mieszkanie ma powierzchni\u0119 35 m2. Posiada jedn\u0105 sypialni\u0119, kt\u00f3ra mo\u017ce pomie\u015bci\u0107 2 osoby doros\u0142e. Posiada pok\u00f3j dzienny, kt\u00f3ry mo\u017ce s\u0142u\u017cy\u0107 do spania &#8211; Posiada dodatkowe \u0142\u00f3\u017cko dla jednej osoby. Do dyspozycji Go\u015bci jest \u0142azienka z prysznicem. Powierzchnia balkonu \/ tarasu wynosi 8 m2. Mieszkanie znajduje si\u0119 na pierwszym pi\u0119trze. Mieszkanie wyposa\u017cone jest w TV, klimatyzacj\u0119, odbiornik satelitarny, piekarnik, bezp\u0142atne \u0142\u0105cze internetowe WiFi, zmywark\u0119. Parking jest wliczony w cen\u0119. Mieszkanie znajduje si\u0119 oko\u0142o 100 m od centrum i 600 m od morza lub pierwszej pla\u017cy w Murter. Zwierz\u0119ta s\u0105 akceptowane za dodatkow\u0105 op\u0142at\u0105.<\/p>\n","protected":false},"featured_media":24152,"template":"","meta":{"_acf_changed":false},"product_brand":[],"product_cat":[131,151],"product_tag":[],"class_list":{"0":"post-52061","1":"product","2":"type-product","3":"status-publish","4":"has-post-thumbnail","6":"product_cat-apartamenty","7":"product_cat-apartamenty-z-widokiem-na-morze","9":"first","10":"instock","11":"sold-individually","12":"shipping-taxable","13":"purchasable","14":"product-type-phive_booking"},"acf":[],"_links":{"self":[{"href":"https:\/\/murter-online.com\/pl\/wp-json\/wp\/v2\/product\/52061","targetHints":{"allow":["GET"]}}],"collection":[{"href":"https:\/\/murter-online.com\/pl\/wp-json\/wp\/v2\/product"}],"about":[{"href":"https:\/\/murter-online.com\/pl\/wp-json\/wp\/v2\/types\/product"}],"wp:featuredmedia":[{"embeddable":true,"href":"https:\/\/murter-online.com\/pl\/wp-json\/wp\/v2\/media\/24152"}],"wp:attachment":[{"href":"https:\/\/murter-online.com\/pl\/wp-json\/wp\/v2\/media?parent=52061"}],"wp:term":[{"taxonomy":"product_brand","embeddable":true,"href":"https:\/\/murter-online.com\/pl\/wp-json\/wp\/v2\/product_brand?post=52061"},{"taxonomy":"product_cat","embeddable":true,"href":"https:\/\/murter-online.com\/pl\/wp-json\/wp\/v2\/product_cat?post=52061"},{"taxonomy":"product_tag","embeddable":true,"href":"https:\/\/murter-online.com\/pl\/wp-json\/wp\/v2\/product_tag?post=52061"}],"curies":[{"name":"wp","href":"https:\/\/api.w.org\/{rel}","templated":true}]}}