{"id":52065,"date":"2025-01-05T10:45:19","date_gmt":"2025-01-05T10:45:19","guid":{"rendered":"https:\/\/murter.riot.hr\/?post_type=product&#038;p=52065"},"modified":"2025-04-26T11:12:16","modified_gmt":"2025-04-26T10:12:16","slug":"apartament-murter-garden-paradise-a22-id-133","status":"publish","type":"product","link":"https:\/\/murter-online.com\/pl\/produkt\/apartament-murter-garden-paradise-a22-id-133\/","title":{"rendered":"Apartament wakacyjny dla rodziny Garden Paradise Murter A2+2 ID 133"},"content":{"rendered":"","protected":false},"excerpt":{"rendered":"<p>Mieszkanie znajduje si\u0119 na parterze. Znajduje si\u0119 750 metr\u00f3w od pla\u017cy Slanica. Jest to dwupokojowe mieszkanie z salonem, kuchni\u0105, \u0142azienk\u0105 z toalet\u0105 i tarasem. W sypialni znajduje si\u0119 podw\u00f3jne \u0142\u00f3\u017cko, natomiast w salonie rozk\u0142adana sofa, na kt\u00f3rej mo\u017cna spa\u0107. Miejsce parkingowe jest wliczone w cen\u0119. Widok na ogr\u00f3d z tarasu jest osza\u0142amiaj\u0105cy.<\/p>\n","protected":false},"featured_media":24460,"template":"","meta":{"_acf_changed":false},"product_brand":[],"product_cat":[153,131],"product_tag":[],"class_list":{"0":"post-52065","1":"product","2":"type-product","3":"status-publish","4":"has-post-thumbnail","6":"product_cat-apartamenty-dla-rodzin","7":"product_cat-apartamenty","9":"first","10":"instock","11":"sold-individually","12":"shipping-taxable","13":"purchasable","14":"product-type-phive_booking"},"acf":[],"_links":{"self":[{"href":"https:\/\/murter-online.com\/pl\/wp-json\/wp\/v2\/product\/52065","targetHints":{"allow":["GET"]}}],"collection":[{"href":"https:\/\/murter-online.com\/pl\/wp-json\/wp\/v2\/product"}],"about":[{"href":"https:\/\/murter-online.com\/pl\/wp-json\/wp\/v2\/types\/product"}],"wp:featuredmedia":[{"embeddable":true,"href":"https:\/\/murter-online.com\/pl\/wp-json\/wp\/v2\/media\/24460"}],"wp:attachment":[{"href":"https:\/\/murter-online.com\/pl\/wp-json\/wp\/v2\/media?parent=52065"}],"wp:term":[{"taxonomy":"product_brand","embeddable":true,"href":"https:\/\/murter-online.com\/pl\/wp-json\/wp\/v2\/product_brand?post=52065"},{"taxonomy":"product_cat","embeddable":true,"href":"https:\/\/murter-online.com\/pl\/wp-json\/wp\/v2\/product_cat?post=52065"},{"taxonomy":"product_tag","embeddable":true,"href":"https:\/\/murter-online.com\/pl\/wp-json\/wp\/v2\/product_tag?post=52065"}],"curies":[{"name":"wp","href":"https:\/\/api.w.org\/{rel}","templated":true}]}}