{"id":52070,"date":"2025-01-05T10:46:59","date_gmt":"2025-01-05T10:46:59","guid":{"rendered":"https:\/\/murter.riot.hr\/?post_type=product&#038;p=52070"},"modified":"2025-04-26T11:17:43","modified_gmt":"2025-04-26T10:17:43","slug":"dom-anita-apartament-murter-harbor-2-a21-id-69","status":"publish","type":"product","link":"https:\/\/murter-online.com\/pl\/produkt\/dom-anita-apartament-murter-harbor-2-a21-id-69\/","title":{"rendered":"Apartament wakacyjny dla rodziny Harbor 2 Murter A2+1 ID 69"},"content":{"rendered":"","protected":false},"excerpt":{"rendered":"<p>Mieszkanie znajduje si\u0119 w doskona\u0142ej lokalizacji, zaledwie 300 metr\u00f3w od pla\u017cy. Mieszkanie ma powierzchni\u0119 30 m2. Posiada jedn\u0105 sypialni\u0119, kt\u00f3ra mo\u017ce pomie\u015bci\u0107 2 osoby doros\u0142e. Posiada pok\u00f3j dzienny, kt\u00f3ry mo\u017ce s\u0142u\u017cy\u0107 do spania &#8211; Posiada dodatkowe \u0142\u00f3\u017cko dla jednej osoby. Do dyspozycji Go\u015bci jest \u0142azienka z prysznicem. Powierzchnia balkonu \/ tarasu 10 m2. Mieszkanie znajduje si\u0119 na pierwszym pi\u0119trze. Mieszkanie wyposa\u017cone jest w TV, klimatyzacj\u0119. Istnieje grill na \u015bwie\u017cym powietrzu, z kt\u00f3rego mo\u017cna korzysta\u0107. Mieszkanie znajduje si\u0119 oko\u0142o 200 m od centrum i 300 m od morza lub pierwszej pla\u017cy w Murter. Zwierz\u0119ta nie s\u0105 akceptowane. Mieszkanie znajduje si\u0119 w \u015bwietnej lokalizacji zaledwie 2 minuty spacerem od centrum. Do sklepu mo\u017cna doj\u015b\u0107 w zaledwie 3 minuty. Miejska pla\u017ca w s\u0105siedniej miejscowo\u015bci Betina oddalona jest od hotelu o zaledwie 5 minut spacerem. Druga pla\u017ca miejska \u201eLuke\u201d oddalona jest o zaledwie 7 minut spacerem.Koszt biletu parkingowego i sprz\u0105tania apartamentu to dodatkowe 50 euro.<\/p>\n","protected":false},"featured_media":24804,"template":"","meta":{"_acf_changed":false},"product_brand":[],"product_cat":[153,131],"product_tag":[],"class_list":{"0":"post-52070","1":"product","2":"type-product","3":"status-publish","4":"has-post-thumbnail","6":"product_cat-apartamenty-dla-rodzin","7":"product_cat-apartamenty","9":"first","10":"instock","11":"sold-individually","12":"shipping-taxable","13":"purchasable","14":"product-type-phive_booking"},"acf":[],"_links":{"self":[{"href":"https:\/\/murter-online.com\/pl\/wp-json\/wp\/v2\/product\/52070","targetHints":{"allow":["GET"]}}],"collection":[{"href":"https:\/\/murter-online.com\/pl\/wp-json\/wp\/v2\/product"}],"about":[{"href":"https:\/\/murter-online.com\/pl\/wp-json\/wp\/v2\/types\/product"}],"wp:featuredmedia":[{"embeddable":true,"href":"https:\/\/murter-online.com\/pl\/wp-json\/wp\/v2\/media\/24804"}],"wp:attachment":[{"href":"https:\/\/murter-online.com\/pl\/wp-json\/wp\/v2\/media?parent=52070"}],"wp:term":[{"taxonomy":"product_brand","embeddable":true,"href":"https:\/\/murter-online.com\/pl\/wp-json\/wp\/v2\/product_brand?post=52070"},{"taxonomy":"product_cat","embeddable":true,"href":"https:\/\/murter-online.com\/pl\/wp-json\/wp\/v2\/product_cat?post=52070"},{"taxonomy":"product_tag","embeddable":true,"href":"https:\/\/murter-online.com\/pl\/wp-json\/wp\/v2\/product_tag?post=52070"}],"curies":[{"name":"wp","href":"https:\/\/api.w.org\/{rel}","templated":true}]}}