{"id":52099,"date":"2025-01-05T18:54:17","date_gmt":"2025-01-05T18:54:17","guid":{"rendered":"https:\/\/murter.riot.hr\/?post_type=product&#038;p=52099"},"modified":"2025-01-25T11:18:50","modified_gmt":"2025-01-25T11:18:50","slug":"willa-z-basenem-murter-a14-2-id-15","status":"publish","type":"product","link":"https:\/\/murter-online.com\/pl\/produkt\/willa-z-basenem-murter-a14-2-id-15\/","title":{"rendered":"Willa z basenem Murter A14 + 2 ID 15"},"content":{"rendered":"","protected":false},"excerpt":{"rendered":"<p>Powierzchnia domu to 240 m2. Powierzchnia dzia\u0142ki to 1200 m2. Willa mo\u017ce pomie\u015bci\u0107 maksymalnie 16 os\u00f3b. Wewn\u0105trz ogrodzonego podw\u00f3rka znajduje si\u0119 prywatny basen o powierzchni 110 m2. Do dyspozycji go\u015bci: hydromasa\u017c, le\u017caki: 14, ogr\u00f3d, widok panoramiczny, naturalna lod\u00f3wka, prywatny parking &#8211; ogrodzony w spodniach, podgrzewany basen na zam\u00f3wienie za dodatkow\u0105 op\u0142at\u0105, 5 miejsc parkingowych. ZAJ\u0118CIA NA DWORZU Tenis sto\u0142owy, hu\u015btawki dla dzieci. Zwierz\u0119ta s\u0105 akceptowane za dodatkow\u0105 op\u0142at\u0105 w wysoko\u015bci 105 euro \/ cotygodniowe sprz\u0105tanie. Willa posiada ogrzewanie pod\u0142ogowe i klimatyzacj\u0119. Po\u015bciel jest dost\u0119pna i zmieniana raz w tygodniu. \u0141\u00f3\u017ceczko dzieci\u0119ce dost\u0119pne na \u017cyczenie. Do dyspozycji WC na zewn\u0105trz, prysznic na zewn\u0105trz, suszarka do w\u0142os\u00f3w. R\u0119czniki w \u0142azienkach s\u0105 dost\u0119pne i zmieniane raz w tygodniu. W willi dost\u0119pne jest WiFi. Kuchnia w pe\u0142ni wyposa\u017cona: toster, ekspres do kawy, kuchenka mikrofalowa, lod\u00f3wka z zamra\u017cark\u0105, zmywarka, grill &#8211; w\u0119giel drzewny, wewn\u0119trzna jadalnia na: 8 os\u00f3b, krzese\u0142ko do karmienia: 1, jadalnia na zewn\u0105trz na: 14 SALON wyposa\u017cony jest w: TV-SAT, TV, DVD, stereo, sof\u0119 PRALNIA Jeden apartament wyposa\u017cony jest w pralk\u0119. Sprz\u0105tanie ko\u0144cowe wynosi 150,00 euro i nie jest wliczone w cen\u0119. Kaucja w przypadku szk\u00f3d wynosi 500,00 EUR.<\/p>\n","protected":false},"featured_media":28940,"template":"","meta":{"_acf_changed":false},"product_brand":[],"product_cat":[157],"product_tag":[],"class_list":{"0":"post-52099","1":"product","2":"type-product","3":"status-publish","4":"has-post-thumbnail","6":"product_cat-domy-wakacyjne-wille","8":"first","9":"instock","10":"sold-individually","11":"shipping-taxable","12":"purchasable","13":"product-type-phive_booking"},"acf":[],"_links":{"self":[{"href":"https:\/\/murter-online.com\/pl\/wp-json\/wp\/v2\/product\/52099","targetHints":{"allow":["GET"]}}],"collection":[{"href":"https:\/\/murter-online.com\/pl\/wp-json\/wp\/v2\/product"}],"about":[{"href":"https:\/\/murter-online.com\/pl\/wp-json\/wp\/v2\/types\/product"}],"wp:featuredmedia":[{"embeddable":true,"href":"https:\/\/murter-online.com\/pl\/wp-json\/wp\/v2\/media\/28940"}],"wp:attachment":[{"href":"https:\/\/murter-online.com\/pl\/wp-json\/wp\/v2\/media?parent=52099"}],"wp:term":[{"taxonomy":"product_brand","embeddable":true,"href":"https:\/\/murter-online.com\/pl\/wp-json\/wp\/v2\/product_brand?post=52099"},{"taxonomy":"product_cat","embeddable":true,"href":"https:\/\/murter-online.com\/pl\/wp-json\/wp\/v2\/product_cat?post=52099"},{"taxonomy":"product_tag","embeddable":true,"href":"https:\/\/murter-online.com\/pl\/wp-json\/wp\/v2\/product_tag?post=52099"}],"curies":[{"name":"wp","href":"https:\/\/api.w.org\/{rel}","templated":true}]}}