{"id":52100,"date":"2025-01-05T18:30:34","date_gmt":"2025-01-05T18:30:34","guid":{"rendered":"https:\/\/murter.riot.hr\/?post_type=product&#038;p=52100"},"modified":"2025-09-04T12:56:51","modified_gmt":"2025-09-04T11:56:51","slug":"kamienny-dom-nad-morzem-w-betina-a6-id-229","status":"publish","type":"product","link":"https:\/\/murter-online.com\/pl\/produkt\/kamienny-dom-nad-morzem-w-betina-a6-id-229\/","title":{"rendered":"Dom wakacyjny nad morzem Betina  &#8211; wyspa Murter A6 ID 229"},"content":{"rendered":"","protected":false},"excerpt":{"rendered":"<p>Ten pi\u0119kny, tradycyjny dalmaty\u0144ski dom z kamienia znajduje si\u0119 w starej cz\u0119\u015bci Betiny na wyspie Murter. Dom posiada kuchni\u0119, du\u017cy salon i jedn\u0105 \u0142azienk\u0119 na parterze, druga \u0142azienka z trzema sypialniami znajduje si\u0119 na pi\u0119trze. Na pierwszym pi\u0119trze znajduje si\u0119 du\u017cy taras z meblami ogrodowymi. Kuchnia w pe\u0142ni wyposa\u017cona. Parking znajduje si\u0119 oko\u0142o 150 metr\u00f3w od domu i jest wliczony w cen\u0119 mieszkania.<span class=\"Y2IQFc\" lang=\"pl\">Op\u0142ata za sprz\u0105tanie wynosi 100,00 euro.<\/span><\/p>\n","protected":false},"featured_media":28872,"template":"","meta":{"_acf_changed":false},"product_brand":[],"product_cat":[157],"product_tag":[],"class_list":{"0":"post-52100","1":"product","2":"type-product","3":"status-publish","4":"has-post-thumbnail","6":"product_cat-domy-wakacyjne-wille","8":"first","9":"instock","10":"sold-individually","11":"shipping-taxable","12":"purchasable","13":"product-type-phive_booking"},"acf":[],"_links":{"self":[{"href":"https:\/\/murter-online.com\/pl\/wp-json\/wp\/v2\/product\/52100","targetHints":{"allow":["GET"]}}],"collection":[{"href":"https:\/\/murter-online.com\/pl\/wp-json\/wp\/v2\/product"}],"about":[{"href":"https:\/\/murter-online.com\/pl\/wp-json\/wp\/v2\/types\/product"}],"wp:featuredmedia":[{"embeddable":true,"href":"https:\/\/murter-online.com\/pl\/wp-json\/wp\/v2\/media\/28872"}],"wp:attachment":[{"href":"https:\/\/murter-online.com\/pl\/wp-json\/wp\/v2\/media?parent=52100"}],"wp:term":[{"taxonomy":"product_brand","embeddable":true,"href":"https:\/\/murter-online.com\/pl\/wp-json\/wp\/v2\/product_brand?post=52100"},{"taxonomy":"product_cat","embeddable":true,"href":"https:\/\/murter-online.com\/pl\/wp-json\/wp\/v2\/product_cat?post=52100"},{"taxonomy":"product_tag","embeddable":true,"href":"https:\/\/murter-online.com\/pl\/wp-json\/wp\/v2\/product_tag?post=52100"}],"curies":[{"name":"wp","href":"https:\/\/api.w.org\/{rel}","templated":true}]}}