{"id":52101,"date":"2025-01-05T18:25:54","date_gmt":"2025-01-05T18:25:54","guid":{"rendered":"https:\/\/murter.riot.hr\/?post_type=product&#038;p=52101"},"modified":"2025-03-29T19:13:30","modified_gmt":"2025-03-29T18:13:30","slug":"dom-wakacyjny-murter-slanica-a61","status":"publish","type":"product","link":"https:\/\/murter-online.com\/pl\/produkt\/dom-wakacyjny-murter-slanica-a61\/","title":{"rendered":"Dom wakacyjny Murter Slanica A6+1"},"content":{"rendered":"","protected":false},"excerpt":{"rendered":"<p>Pi\u0119kny rodzinny dom wakacyjny w doskona\u0142ej lokalizacji w Murter. Dom po\u0142o\u017cony jest pomi\u0119dzy dwiema pla\u017cami, piaszczyst\u0105 pla\u017c\u0105 Slanica i lokaln\u0105 pla\u017c\u0105 Luke. Dom posiada 3 sypialnie, w kt\u00f3rych mo\u017ce nocowa\u0107 6 os\u00f3b doros\u0142ych. W domu znajduje si\u0119 \u0142azienka z toalet\u0105 i prysznicem. W \u0142azience znajduje si\u0119 pralka. W domu znajduje si\u0119 du\u017cy salon z odbiornikiem telewizyjnym. Kanapa mo\u017ce s\u0142u\u017cy\u0107 jako dodatkowe \u0142\u00f3\u017cko. W kuchni znajduje si\u0119 du\u017ca lod\u00f3wka, piekarnik i zmywarka. W domu dost\u0119pne jest bezp\u0142atne WiFi. Przed domem znajduje si\u0119 teren zewn\u0119trzny z ogrodem, bardzo przyjemny na pobyt w lecie. Do dyspozycji Go\u015bci jest sprz\u0119t do grillowania, z kt\u00f3rego mo\u017cna korzysta\u0107 bezp\u0142atnie. Bezp\u0142atny parking dla go\u015bci znajduje si\u0119 na podw\u00f3rzu domu.<\/p>\n","protected":false},"featured_media":28764,"template":"","meta":{"_acf_changed":false},"product_brand":[],"product_cat":[157],"product_tag":[],"class_list":{"0":"post-52101","1":"product","2":"type-product","3":"status-publish","4":"has-post-thumbnail","6":"product_cat-domy-wakacyjne-wille","8":"first","9":"instock","10":"sold-individually","11":"shipping-taxable","12":"purchasable","13":"product-type-phive_booking"},"acf":[],"_links":{"self":[{"href":"https:\/\/murter-online.com\/pl\/wp-json\/wp\/v2\/product\/52101","targetHints":{"allow":["GET"]}}],"collection":[{"href":"https:\/\/murter-online.com\/pl\/wp-json\/wp\/v2\/product"}],"about":[{"href":"https:\/\/murter-online.com\/pl\/wp-json\/wp\/v2\/types\/product"}],"wp:featuredmedia":[{"embeddable":true,"href":"https:\/\/murter-online.com\/pl\/wp-json\/wp\/v2\/media\/28764"}],"wp:attachment":[{"href":"https:\/\/murter-online.com\/pl\/wp-json\/wp\/v2\/media?parent=52101"}],"wp:term":[{"taxonomy":"product_brand","embeddable":true,"href":"https:\/\/murter-online.com\/pl\/wp-json\/wp\/v2\/product_brand?post=52101"},{"taxonomy":"product_cat","embeddable":true,"href":"https:\/\/murter-online.com\/pl\/wp-json\/wp\/v2\/product_cat?post=52101"},{"taxonomy":"product_tag","embeddable":true,"href":"https:\/\/murter-online.com\/pl\/wp-json\/wp\/v2\/product_tag?post=52101"}],"curies":[{"name":"wp","href":"https:\/\/api.w.org\/{rel}","templated":true}]}}