{"id":52102,"date":"2025-01-05T18:21:14","date_gmt":"2025-01-05T18:21:14","guid":{"rendered":"https:\/\/murter.riot.hr\/?post_type=product&#038;p=52102"},"modified":"2025-04-12T20:04:22","modified_gmt":"2025-04-12T19:04:22","slug":"dom-wakacyjny-murter-old-village-a84-id-206","status":"publish","type":"product","link":"https:\/\/murter-online.com\/pl\/produkt\/dom-wakacyjny-murter-old-village-a84-id-206\/","title":{"rendered":"Dom wakacyjny Murter A8 id 206"},"content":{"rendered":"","protected":false},"excerpt":{"rendered":"<p>Dom wakacyjny w Murter, pojemno\u015b\u0107 10-12 os\u00f3b. Dom po\u0142o\u017cony jest w starej cz\u0119\u015bci Murteru w pobli\u017cu pla\u017cy \u010cigra\u0111a. W domu znajduje si\u0119 jeden apartament z jedn\u0105 sypialni\u0105, jeden apartament z dwiema sypialniami i dwa apartamenty typu studio. Jest ogr\u00f3d i grill na \u015bwie\u017cym powietrzu, z kt\u00f3rego mo\u017cna korzysta\u0107. Dom sk\u0142ada si\u0119 z parteru, pierwszego i drugiego pi\u0119tra.<\/p>\n","protected":false},"featured_media":28632,"template":"","meta":{"_acf_changed":false},"product_brand":[],"product_cat":[157],"product_tag":[],"class_list":{"0":"post-52102","1":"product","2":"type-product","3":"status-publish","4":"has-post-thumbnail","6":"product_cat-domy-wakacyjne-wille","8":"first","9":"instock","10":"sold-individually","11":"shipping-taxable","12":"purchasable","13":"product-type-phive_booking"},"acf":[],"_links":{"self":[{"href":"https:\/\/murter-online.com\/pl\/wp-json\/wp\/v2\/product\/52102","targetHints":{"allow":["GET"]}}],"collection":[{"href":"https:\/\/murter-online.com\/pl\/wp-json\/wp\/v2\/product"}],"about":[{"href":"https:\/\/murter-online.com\/pl\/wp-json\/wp\/v2\/types\/product"}],"wp:featuredmedia":[{"embeddable":true,"href":"https:\/\/murter-online.com\/pl\/wp-json\/wp\/v2\/media\/28632"}],"wp:attachment":[{"href":"https:\/\/murter-online.com\/pl\/wp-json\/wp\/v2\/media?parent=52102"}],"wp:term":[{"taxonomy":"product_brand","embeddable":true,"href":"https:\/\/murter-online.com\/pl\/wp-json\/wp\/v2\/product_brand?post=52102"},{"taxonomy":"product_cat","embeddable":true,"href":"https:\/\/murter-online.com\/pl\/wp-json\/wp\/v2\/product_cat?post=52102"},{"taxonomy":"product_tag","embeddable":true,"href":"https:\/\/murter-online.com\/pl\/wp-json\/wp\/v2\/product_tag?post=52102"}],"curies":[{"name":"wp","href":"https:\/\/api.w.org\/{rel}","templated":true}]}}