{"id":52103,"date":"2025-01-05T17:53:00","date_gmt":"2025-01-05T17:53:00","guid":{"rendered":"https:\/\/murter.riot.hr\/?post_type=product&#038;p=52103"},"modified":"2025-09-30T16:34:43","modified_gmt":"2025-09-30T15:34:43","slug":"dom-wakacyjny-murter-a61-id-314","status":"publish","type":"product","link":"https:\/\/murter-online.com\/pl\/produkt\/dom-wakacyjny-murter-a61-id-314\/","title":{"rendered":"Dom wakacyjny Murter A6+1 ID 314"},"content":{"rendered":"","protected":false},"excerpt":{"rendered":"<p>Pi\u0119kny dom rodzinny z galeri\u0105 po\u0142o\u017cony jest w doskona\u0142ej lokalizacji, blisko miejskiej pla\u017cy Luke i piaszczystej pla\u017cy Podvr\u0161ke. To tylko 150 metr\u00f3w od pierwszego sklepu, parku dla dzieci i kawiarni. Dom posiada 3 sypialnie, w kt\u00f3rych mo\u017ce spa\u0107 6 doros\u0142ych os\u00f3b, w salonie znajduje si\u0119 kanapa, kt\u00f3ra mo\u017ce s\u0142u\u017cy\u0107 jako dodatkowe \u0142\u00f3\u017cko. Na parterze znajduje si\u0119 kuchnia i jadalnia, salon z telewizorem oraz dwie sypialnie z \u0142azienkami. Do galerii mo\u017cna doj\u015b\u0107 schodami. Na galerii znajduje si\u0119 trzecia sypialnia z \u0142azienk\u0105. Przed domem znajduje si\u0119 taras. W apartamencie znajduje si\u0119 piekarnik, lod\u00f3wka, czajnik oraz bezp\u0142atne WiFi. Kuchnia jest w pe\u0142ni wyposa\u017cona. Dla go\u015bci apartamentu dost\u0119pny jest bezp\u0142atny parking na podw\u00f3rzu. Na podw\u00f3rzu znajduje si\u0119 grill, z kt\u00f3rego mo\u017cna korzysta\u0107 bezp\u0142atnie.<span class=\"Y2IQFc\" lang=\"pl\">Op\u0142ata za sprz\u0105tanie wynosi 100 euro.<\/span><\/p>\n","protected":false},"featured_media":28424,"template":"","meta":{"_acf_changed":false},"product_brand":[],"product_cat":[157],"product_tag":[],"class_list":{"0":"post-52103","1":"product","2":"type-product","3":"status-publish","4":"has-post-thumbnail","6":"product_cat-domy-wakacyjne-wille","8":"first","9":"instock","10":"sold-individually","11":"shipping-taxable","12":"purchasable","13":"product-type-phive_booking"},"acf":[],"_links":{"self":[{"href":"https:\/\/murter-online.com\/pl\/wp-json\/wp\/v2\/product\/52103","targetHints":{"allow":["GET"]}}],"collection":[{"href":"https:\/\/murter-online.com\/pl\/wp-json\/wp\/v2\/product"}],"about":[{"href":"https:\/\/murter-online.com\/pl\/wp-json\/wp\/v2\/types\/product"}],"wp:featuredmedia":[{"embeddable":true,"href":"https:\/\/murter-online.com\/pl\/wp-json\/wp\/v2\/media\/28424"}],"wp:attachment":[{"href":"https:\/\/murter-online.com\/pl\/wp-json\/wp\/v2\/media?parent=52103"}],"wp:term":[{"taxonomy":"product_brand","embeddable":true,"href":"https:\/\/murter-online.com\/pl\/wp-json\/wp\/v2\/product_brand?post=52103"},{"taxonomy":"product_cat","embeddable":true,"href":"https:\/\/murter-online.com\/pl\/wp-json\/wp\/v2\/product_cat?post=52103"},{"taxonomy":"product_tag","embeddable":true,"href":"https:\/\/murter-online.com\/pl\/wp-json\/wp\/v2\/product_tag?post=52103"}],"curies":[{"name":"wp","href":"https:\/\/api.w.org\/{rel}","templated":true}]}}