{"id":52104,"date":"2025-01-05T17:43:53","date_gmt":"2025-01-05T17:43:53","guid":{"rendered":"https:\/\/murter.riot.hr\/?post_type=product&#038;p=52104"},"modified":"2025-03-29T18:53:34","modified_gmt":"2025-03-29T17:53:34","slug":"dom-wakacyjny-w-murter-a42-id-281","status":"publish","type":"product","link":"https:\/\/murter-online.com\/pl\/produkt\/dom-wakacyjny-w-murter-a42-id-281\/","title":{"rendered":"Dom wakacyjny Murter A4+2 ID 281"},"content":{"rendered":"","protected":false},"excerpt":{"rendered":"<p>Dom wakacyjny dla 4+2 os\u00f3b znajduje si\u0119 w starej cz\u0119\u015bci Murteru. Dom sk\u0142ada si\u0119 z parteru, pierwszego, drugiego i trzeciego pi\u0119tra. Sypialnie znajduj\u0105 si\u0119 na pierwszym i drugim pi\u0119trze domu. Na parterze domu znajduje si\u0119 dodatkowe \u0142\u00f3\u017cko (sofa), kt\u00f3re mo\u017cna wykorzysta\u0107 do spania. Dom ma trzy tarasy, jeden taras na parterze, drugi na pierwszym pi\u0119trze, a trzeci z pi\u0119knym panoramicznym widokiem na morze na trzecim pi\u0119trze domu. \u0141azienka i toaleta znajduj\u0105 si\u0119 na parterze domu. Dom wyposa\u017cony jest w pralk\u0119, zmywark\u0119, WiFi-internet, klimatyzacj\u0119. Kuchnia jest w pe\u0142ni wyposa\u017cona. Parking na 2 samochody jest bezp\u0142atny dla go\u015bci i znajduje si\u0119 oko\u0142o 100 metr\u00f3w od domu.<\/p>\n","protected":false},"featured_media":28028,"template":"","meta":{"_acf_changed":false},"product_brand":[],"product_cat":[157],"product_tag":[],"class_list":{"0":"post-52104","1":"product","2":"type-product","3":"status-publish","4":"has-post-thumbnail","6":"product_cat-domy-wakacyjne-wille","8":"first","9":"instock","10":"sold-individually","11":"shipping-taxable","12":"purchasable","13":"product-type-phive_booking"},"acf":[],"_links":{"self":[{"href":"https:\/\/murter-online.com\/pl\/wp-json\/wp\/v2\/product\/52104","targetHints":{"allow":["GET"]}}],"collection":[{"href":"https:\/\/murter-online.com\/pl\/wp-json\/wp\/v2\/product"}],"about":[{"href":"https:\/\/murter-online.com\/pl\/wp-json\/wp\/v2\/types\/product"}],"wp:featuredmedia":[{"embeddable":true,"href":"https:\/\/murter-online.com\/pl\/wp-json\/wp\/v2\/media\/28028"}],"wp:attachment":[{"href":"https:\/\/murter-online.com\/pl\/wp-json\/wp\/v2\/media?parent=52104"}],"wp:term":[{"taxonomy":"product_brand","embeddable":true,"href":"https:\/\/murter-online.com\/pl\/wp-json\/wp\/v2\/product_brand?post=52104"},{"taxonomy":"product_cat","embeddable":true,"href":"https:\/\/murter-online.com\/pl\/wp-json\/wp\/v2\/product_cat?post=52104"},{"taxonomy":"product_tag","embeddable":true,"href":"https:\/\/murter-online.com\/pl\/wp-json\/wp\/v2\/product_tag?post=52104"}],"curies":[{"name":"wp","href":"https:\/\/api.w.org\/{rel}","templated":true}]}}