{"id":52105,"date":"2025-01-05T17:28:58","date_gmt":"2025-01-05T17:28:58","guid":{"rendered":"https:\/\/murter.riot.hr\/?post_type=product&#038;p=52105"},"modified":"2025-03-29T18:14:18","modified_gmt":"2025-03-29T17:14:18","slug":"dom-rybacki-kornati-vrulje-a-62-id-322","status":"publish","type":"product","link":"https:\/\/murter-online.com\/pl\/produkt\/dom-rybacki-kornati-vrulje-a-62-id-322\/","title":{"rendered":"Dom rybaka nad morzem v Kornati Zatoka Vrulje A 6+2 ID 322"},"content":{"rendered":"","protected":false},"excerpt":{"rendered":"<p>Dom po\u0142o\u017cony jest w zatoce Vrulje, kt\u00f3ra znajduje si\u0119 w samym sercu Parku Narodowego Kornati. Jest to idealne miejsce na sp\u0119dzenie corocznych wakacji oraz niepowtarzalna okazja do relaksu i odkrywania zatoczek, dzikich pla\u017c w nietkni\u0119tej przyrodzie. Dom po\u0142o\u017cony jest 20 metr\u00f3w od morza, posiada 2 pokoje, mianowicie jeden pok\u00f3j z podw\u00f3jnym \u0142\u00f3\u017ckiem i wysokie poddasze z 2 podw\u00f3jnymi \u0142\u00f3\u017ckami i dwoma mniejszymi \u0142\u00f3\u017ckami, ka\u017cde dla jednej osoby. Dom oferuje zakwaterowanie dla 5 do 8 os\u00f3b. Na parterze znajduje si\u0119 du\u017cy zadaszony taras. Kuchnia jest w pe\u0142ni wyposa\u017cona, na tym samym pi\u0119trze znajduje si\u0119 \u0142azienka i salon z telewizorem. Je\u015bli go\u015bcie przyb\u0119d\u0105 w\u0142asn\u0105 \u0142odzi\u0105, zapewnione zostanie miejsce do cumowania \u0142odzi. Je\u015bli go\u015bcie nie skorzystaj\u0105 z \u0142odzi, dotr\u0105 na miejsce zorganizowanym transferem z Murteru.<\/p>\n","protected":false},"featured_media":27884,"template":"","meta":{"_acf_changed":false},"product_brand":[],"product_cat":[158],"product_tag":[],"class_list":{"0":"post-52105","1":"product","2":"type-product","3":"status-publish","4":"has-post-thumbnail","6":"product_cat-domki-rybackie","8":"first","9":"instock","10":"sold-individually","11":"shipping-taxable","12":"purchasable","13":"product-type-phive_booking"},"acf":[],"_links":{"self":[{"href":"https:\/\/murter-online.com\/pl\/wp-json\/wp\/v2\/product\/52105","targetHints":{"allow":["GET"]}}],"collection":[{"href":"https:\/\/murter-online.com\/pl\/wp-json\/wp\/v2\/product"}],"about":[{"href":"https:\/\/murter-online.com\/pl\/wp-json\/wp\/v2\/types\/product"}],"wp:featuredmedia":[{"embeddable":true,"href":"https:\/\/murter-online.com\/pl\/wp-json\/wp\/v2\/media\/27884"}],"wp:attachment":[{"href":"https:\/\/murter-online.com\/pl\/wp-json\/wp\/v2\/media?parent=52105"}],"wp:term":[{"taxonomy":"product_brand","embeddable":true,"href":"https:\/\/murter-online.com\/pl\/wp-json\/wp\/v2\/product_brand?post=52105"},{"taxonomy":"product_cat","embeddable":true,"href":"https:\/\/murter-online.com\/pl\/wp-json\/wp\/v2\/product_cat?post=52105"},{"taxonomy":"product_tag","embeddable":true,"href":"https:\/\/murter-online.com\/pl\/wp-json\/wp\/v2\/product_tag?post=52105"}],"curies":[{"name":"wp","href":"https:\/\/api.w.org\/{rel}","templated":true}]}}