{"id":52106,"date":"2025-01-05T17:21:10","date_gmt":"2025-01-05T17:21:10","guid":{"rendered":"https:\/\/murter.riot.hr\/?post_type=product&#038;p=52106"},"modified":"2025-03-29T18:01:55","modified_gmt":"2025-03-29T17:01:55","slug":"kamienna-willa-z-dalmacji-w-betinie-wyspa-murter-a12-id-268","status":"publish","type":"product","link":"https:\/\/murter-online.com\/pl\/produkt\/kamienna-willa-z-dalmacji-w-betinie-wyspa-murter-a12-id-268\/","title":{"rendered":"Willa w Betinie &#8211; wyspa Murter noclegi A12 ID 268"},"content":{"rendered":"","protected":false},"excerpt":{"rendered":"<p>Odrestaurowany autochtoniczny dom z kamienia, mog\u0105cy pomie\u015bci\u0107 do 12 os\u00f3b, zosta\u0142 zaprojektowany jako willa z dwoma oddzielnymi jednostkami ze wsp\u00f3lnym dziedzi\u0144cem, przy czym ka\u017cda jednostka ma w\u0142asne wej\u015bcie, co czyni j\u0105 idealn\u0105 dla du\u017cych rodzin lub grup sk\u0142adaj\u0105cych si\u0119 z kilku par. Ka\u017cda jednostka posiada w\u0142asn\u0105 kuchni\u0119, \u0142azienk\u0119 i toalet\u0119 oraz sypialnie, aw ka\u017cdej mo\u017cna mie\u0107 w\u0142asny spok\u00f3j lub k\u0105cik dla siebie, a jednocze\u015bnie cieszy\u0107 si\u0119 wsp\u00f3lnymi wakacjami z rodzin\u0105 lub przyjaci\u00f3\u0142mi. Willa znajduje si\u0119 w miejscowo\u015bci Betina, 400 metr\u00f3w od pla\u017cy Bilava i 800 metr\u00f3w od pla\u017cy Zdra\u010de. Oferuje ona klimatyzowane pokoje z balkonem i bezp\u0142atnym WiFi. Ta kwatera oferuje patio z widokiem na morze. Willa posiada 4 sypialnie, 3 \u0142azienki, po\u015bciel, r\u0119czniki, telewizor z p\u0142askim ekranem, jadalni\u0119, w pe\u0142ni wyposa\u017con\u0105 kuchni\u0119 oraz taras z widokiem na miasto. Pla\u017ca Kolentum oddalona jest od willi o 2 km, a ratusz w Szybeniku \u2013 o 32 km. Najbli\u017csze lotnisko znajduje si\u0119 w Zadarze, 73 km od tej willi.<\/p>\n","protected":false},"featured_media":27636,"template":"","meta":{"_acf_changed":false},"product_brand":[],"product_cat":[157],"product_tag":[],"class_list":{"0":"post-52106","1":"product","2":"type-product","3":"status-publish","4":"has-post-thumbnail","6":"product_cat-domy-wakacyjne-wille","8":"first","9":"instock","10":"sold-individually","11":"shipping-taxable","12":"purchasable","13":"product-type-phive_booking"},"acf":[],"_links":{"self":[{"href":"https:\/\/murter-online.com\/pl\/wp-json\/wp\/v2\/product\/52106","targetHints":{"allow":["GET"]}}],"collection":[{"href":"https:\/\/murter-online.com\/pl\/wp-json\/wp\/v2\/product"}],"about":[{"href":"https:\/\/murter-online.com\/pl\/wp-json\/wp\/v2\/types\/product"}],"wp:featuredmedia":[{"embeddable":true,"href":"https:\/\/murter-online.com\/pl\/wp-json\/wp\/v2\/media\/27636"}],"wp:attachment":[{"href":"https:\/\/murter-online.com\/pl\/wp-json\/wp\/v2\/media?parent=52106"}],"wp:term":[{"taxonomy":"product_brand","embeddable":true,"href":"https:\/\/murter-online.com\/pl\/wp-json\/wp\/v2\/product_brand?post=52106"},{"taxonomy":"product_cat","embeddable":true,"href":"https:\/\/murter-online.com\/pl\/wp-json\/wp\/v2\/product_cat?post=52106"},{"taxonomy":"product_tag","embeddable":true,"href":"https:\/\/murter-online.com\/pl\/wp-json\/wp\/v2\/product_tag?post=52106"}],"curies":[{"name":"wp","href":"https:\/\/api.w.org\/{rel}","templated":true}]}}