{"id":52107,"date":"2025-01-05T14:55:29","date_gmt":"2025-01-05T14:55:29","guid":{"rendered":"https:\/\/murter.riot.hr\/?post_type=product&#038;p=52107"},"modified":"2025-03-29T14:44:06","modified_gmt":"2025-03-29T13:44:06","slug":"dalmatynski-dom-z-kamienia-z-basenem-w-jezera-wyspa-murter-a8-id-225","status":"publish","type":"product","link":"https:\/\/murter-online.com\/pl\/produkt\/dalmatynski-dom-z-kamienia-z-basenem-w-jezera-wyspa-murter-a8-id-225\/","title":{"rendered":"Dom wakacyjny Chorwacja z basenem w Jezera &#8211; wyspa Murter A8 ID 225"},"content":{"rendered":"","protected":false},"excerpt":{"rendered":"<p>Autentyczny dalmaty\u0144ski kamienny dom z basenem i pi\u0119knym podw\u00f3rkiem w cichej i spokojnej okolicy. Dom po\u0142o\u017cony jest w Jezera na wyspie Murter. Dom posiada 4 sypialnie, w kt\u00f3rych mo\u017ce spa\u0107 8 os\u00f3b doros\u0142ych. Dost\u0119pne s\u0105 4 \u0142azienki, du\u017ce podw\u00f3rko w naturalnym cieniu, basen i basen z meblami, grill i bezp\u0142atny parking. W domu znajduje si\u0119 pralka i zmywarka, kuchnia w pe\u0142ni wyposa\u017cona.<\/p>\n","protected":false},"featured_media":27300,"template":"","meta":{"_acf_changed":false},"product_brand":[],"product_cat":[157],"product_tag":[],"class_list":{"0":"post-52107","1":"product","2":"type-product","3":"status-publish","4":"has-post-thumbnail","6":"product_cat-domy-wakacyjne-wille","8":"first","9":"instock","10":"sold-individually","11":"shipping-taxable","12":"purchasable","13":"product-type-phive_booking"},"acf":[],"_links":{"self":[{"href":"https:\/\/murter-online.com\/pl\/wp-json\/wp\/v2\/product\/52107","targetHints":{"allow":["GET"]}}],"collection":[{"href":"https:\/\/murter-online.com\/pl\/wp-json\/wp\/v2\/product"}],"about":[{"href":"https:\/\/murter-online.com\/pl\/wp-json\/wp\/v2\/types\/product"}],"wp:featuredmedia":[{"embeddable":true,"href":"https:\/\/murter-online.com\/pl\/wp-json\/wp\/v2\/media\/27300"}],"wp:attachment":[{"href":"https:\/\/murter-online.com\/pl\/wp-json\/wp\/v2\/media?parent=52107"}],"wp:term":[{"taxonomy":"product_brand","embeddable":true,"href":"https:\/\/murter-online.com\/pl\/wp-json\/wp\/v2\/product_brand?post=52107"},{"taxonomy":"product_cat","embeddable":true,"href":"https:\/\/murter-online.com\/pl\/wp-json\/wp\/v2\/product_cat?post=52107"},{"taxonomy":"product_tag","embeddable":true,"href":"https:\/\/murter-online.com\/pl\/wp-json\/wp\/v2\/product_tag?post=52107"}],"curies":[{"name":"wp","href":"https:\/\/api.w.org\/{rel}","templated":true}]}}