{"id":52108,"date":"2025-01-03T15:52:22","date_gmt":"2025-01-03T15:52:22","guid":{"rendered":"https:\/\/murter.riot.hr\/?post_type=product&#038;p=52108"},"modified":"2025-03-29T19:20:38","modified_gmt":"2025-03-29T18:20:38","slug":"dom-nad-morzem-murter-betina-a51","status":"publish","type":"product","link":"https:\/\/murter-online.com\/pl\/produkt\/dom-nad-morzem-murter-betina-a51\/","title":{"rendered":"Dom wakacyjny nad morzem Murter &#8211; Betina A5+1"},"content":{"rendered":"","protected":false},"excerpt":{"rendered":"<p>Apartament z pi\u0119knym widokiem na morze znajduje si\u0119 tylko w doskona\u0142ej lokalizacji 20m. od morza. Apartament wyposa\u017cony jest w tv, piekarnik, BEZP\u0141ATNE po\u0142\u0105czenie internetowe Wi-Fi, pralka . Apartament posiada \u0142azienk\u0119 z prysznicem. Jest pok\u00f3j dzienny. Powierzchnia mieszkalna ma 80 m2. a balkon \/ taras ma 30 m2. W apartamencie mo\u017ce spa\u0107 5 os\u00f3b na g\u0142\u00f3wnych \u0142\u00f3\u017ckach Apartament znajduje si\u0119 na parterze. Zwierz\u0119ta domowe &#8211; zgodnie z ustaleniami. apartament ma sw\u00f3j w\u0142asny bezp\u0142atny parking. Apartament jest 1500m. daleko od centrum i oko\u0142o 20m. daleko od morza lub pierwszej pla\u017cy w Betina<\/p>\n","protected":false},"featured_media":23324,"template":"","meta":{"_acf_changed":false},"product_brand":[],"product_cat":[157],"product_tag":[],"class_list":{"0":"post-52108","1":"product","2":"type-product","3":"status-publish","4":"has-post-thumbnail","6":"product_cat-domy-wakacyjne-wille","8":"first","9":"instock","10":"sold-individually","11":"shipping-taxable","12":"purchasable","13":"product-type-phive_booking"},"acf":[],"_links":{"self":[{"href":"https:\/\/murter-online.com\/pl\/wp-json\/wp\/v2\/product\/52108","targetHints":{"allow":["GET"]}}],"collection":[{"href":"https:\/\/murter-online.com\/pl\/wp-json\/wp\/v2\/product"}],"about":[{"href":"https:\/\/murter-online.com\/pl\/wp-json\/wp\/v2\/types\/product"}],"wp:featuredmedia":[{"embeddable":true,"href":"https:\/\/murter-online.com\/pl\/wp-json\/wp\/v2\/media\/23324"}],"wp:attachment":[{"href":"https:\/\/murter-online.com\/pl\/wp-json\/wp\/v2\/media?parent=52108"}],"wp:term":[{"taxonomy":"product_brand","embeddable":true,"href":"https:\/\/murter-online.com\/pl\/wp-json\/wp\/v2\/product_brand?post=52108"},{"taxonomy":"product_cat","embeddable":true,"href":"https:\/\/murter-online.com\/pl\/wp-json\/wp\/v2\/product_cat?post=52108"},{"taxonomy":"product_tag","embeddable":true,"href":"https:\/\/murter-online.com\/pl\/wp-json\/wp\/v2\/product_tag?post=52108"}],"curies":[{"name":"wp","href":"https:\/\/api.w.org\/{rel}","templated":true}]}}