{"id":52130,"date":"2025-01-05T13:52:12","date_gmt":"2025-01-05T13:52:12","guid":{"rendered":"https:\/\/murter.riot.hr\/?post_type=product&#038;p=52130"},"modified":"2025-04-19T19:26:55","modified_gmt":"2025-04-19T18:26:55","slug":"apartament-murter-jersani-a21-id-203","status":"publish","type":"product","link":"https:\/\/murter-online.com\/pl\/produkt\/apartament-murter-jersani-a21-id-203\/","title":{"rendered":"Apartamenty z miejscem do cumowania \u0142odzi Jersani Murter A2+1 ID 203"},"content":{"rendered":"","protected":false},"excerpt":{"rendered":"<p>Mieszkanie w Murter na \u015bwietnej pozycji! Tylko 100 metr\u00f3w od morza. Mieszkanie posiada jedn\u0105 sypialni\u0119, w kt\u00f3rej mog\u0105 spa\u0107 dwie osoby doros\u0142e, posiada dodatkowe \u0142\u00f3\u017cko w salonie, kt\u00f3re mo\u017cna wykorzysta\u0107 do spania. Kuchnia w pe\u0142ni wyposa\u017cona. Apartament posiada prywatn\u0105 przysta\u0144 i miejsce do cumowania \u0142odzi za dodatkow\u0105 op\u0142at\u0105. Mieszkanie znajduje si\u0119 w pobli\u017cu piaszczystej pla\u017cy Podvr\u0161ke i lokalnej pla\u017cy Luke. Dla go\u015bci apartamentu dost\u0119pny jest bezp\u0142atny parking przed domem. Jest grill na \u015bwie\u017cym powietrzu, z kt\u00f3rego mo\u017cna korzysta\u0107. Zwierz\u0119ta nie s\u0105 akceptowane.<\/p>\n","protected":false},"featured_media":26624,"template":"","meta":{"_acf_changed":false},"product_brand":[],"product_cat":[153,131,154],"product_tag":[],"class_list":{"0":"post-52130","1":"product","2":"type-product","3":"status-publish","4":"has-post-thumbnail","6":"product_cat-apartamenty-dla-rodzin","7":"product_cat-apartamenty","8":"product_cat-apartamenty-z-miejscem-do-cumowania-lodzi","10":"first","11":"instock","12":"sold-individually","13":"shipping-taxable","14":"purchasable","15":"product-type-phive_booking"},"acf":[],"_links":{"self":[{"href":"https:\/\/murter-online.com\/pl\/wp-json\/wp\/v2\/product\/52130","targetHints":{"allow":["GET"]}}],"collection":[{"href":"https:\/\/murter-online.com\/pl\/wp-json\/wp\/v2\/product"}],"about":[{"href":"https:\/\/murter-online.com\/pl\/wp-json\/wp\/v2\/types\/product"}],"wp:featuredmedia":[{"embeddable":true,"href":"https:\/\/murter-online.com\/pl\/wp-json\/wp\/v2\/media\/26624"}],"wp:attachment":[{"href":"https:\/\/murter-online.com\/pl\/wp-json\/wp\/v2\/media?parent=52130"}],"wp:term":[{"taxonomy":"product_brand","embeddable":true,"href":"https:\/\/murter-online.com\/pl\/wp-json\/wp\/v2\/product_brand?post=52130"},{"taxonomy":"product_cat","embeddable":true,"href":"https:\/\/murter-online.com\/pl\/wp-json\/wp\/v2\/product_cat?post=52130"},{"taxonomy":"product_tag","embeddable":true,"href":"https:\/\/murter-online.com\/pl\/wp-json\/wp\/v2\/product_tag?post=52130"}],"curies":[{"name":"wp","href":"https:\/\/api.w.org\/{rel}","templated":true}]}}