{"id":52136,"date":"2025-01-05T14:09:51","date_gmt":"2025-01-05T14:09:51","guid":{"rendered":"https:\/\/murter.riot.hr\/?post_type=product&#038;p=52136"},"modified":"2025-04-19T07:16:23","modified_gmt":"2025-04-19T06:16:23","slug":"apartament-murter-jersani-sea-view-a21-id-204","status":"publish","type":"product","link":"https:\/\/murter-online.com\/pl\/produkt\/apartament-murter-jersani-sea-view-a21-id-204\/","title":{"rendered":"Apartament z miejscem do cumowania \u0142odzi Jersani Murter A2+1 ID 204"},"content":{"rendered":"","protected":false},"excerpt":{"rendered":"<p>Mieszkanie w Murter na \u015bwietnej pozycji! Tylko 100 metr\u00f3w od morza. Mieszkanie posiada jedn\u0105 sypialni\u0119, w kt\u00f3rej mog\u0105 spa\u0107 dwie osoby doros\u0142e, posiada dodatkowe \u0142\u00f3\u017cko w salonie, kt\u00f3re mo\u017cna wykorzysta\u0107 do spania. Kuchnia w pe\u0142ni wyposa\u017cona. Apartament posiada prywatn\u0105 przysta\u0144 i miejsce do cumowania \u0142odzi za dodatkow\u0105 op\u0142at\u0105. Mieszkanie znajduje si\u0119 w pobli\u017cu piaszczystej pla\u017cy Podvr\u0161ke i lokalnej pla\u017cy Luke. Dla go\u015bci apartamentu dost\u0119pny jest bezp\u0142atny parking przed domem. Jest grill na \u015bwie\u017cym powietrzu, z kt\u00f3rego mo\u017cna korzysta\u0107. Zwierz\u0119ta nie s\u0105 akceptowane.<\/p>\n","protected":false},"featured_media":26776,"template":"","meta":{"_acf_changed":false},"product_brand":[],"product_cat":[153,154,151],"product_tag":[],"class_list":{"0":"post-52136","1":"product","2":"type-product","3":"status-publish","4":"has-post-thumbnail","6":"product_cat-apartamenty-dla-rodzin","7":"product_cat-apartamenty-z-miejscem-do-cumowania-lodzi","8":"product_cat-apartamenty-z-widokiem-na-morze","10":"first","11":"instock","12":"sold-individually","13":"shipping-taxable","14":"purchasable","15":"product-type-phive_booking"},"acf":[],"_links":{"self":[{"href":"https:\/\/murter-online.com\/pl\/wp-json\/wp\/v2\/product\/52136","targetHints":{"allow":["GET"]}}],"collection":[{"href":"https:\/\/murter-online.com\/pl\/wp-json\/wp\/v2\/product"}],"about":[{"href":"https:\/\/murter-online.com\/pl\/wp-json\/wp\/v2\/types\/product"}],"wp:featuredmedia":[{"embeddable":true,"href":"https:\/\/murter-online.com\/pl\/wp-json\/wp\/v2\/media\/26776"}],"wp:attachment":[{"href":"https:\/\/murter-online.com\/pl\/wp-json\/wp\/v2\/media?parent=52136"}],"wp:term":[{"taxonomy":"product_brand","embeddable":true,"href":"https:\/\/murter-online.com\/pl\/wp-json\/wp\/v2\/product_brand?post=52136"},{"taxonomy":"product_cat","embeddable":true,"href":"https:\/\/murter-online.com\/pl\/wp-json\/wp\/v2\/product_cat?post=52136"},{"taxonomy":"product_tag","embeddable":true,"href":"https:\/\/murter-online.com\/pl\/wp-json\/wp\/v2\/product_tag?post=52136"}],"curies":[{"name":"wp","href":"https:\/\/api.w.org\/{rel}","templated":true}]}}