{"id":52140,"date":"2025-01-05T17:30:11","date_gmt":"2025-01-05T17:30:11","guid":{"rendered":"https:\/\/murter.riot.hr\/?post_type=product&#038;p=52140"},"modified":"2025-01-25T15:49:29","modified_gmt":"2025-01-25T15:49:29","slug":"apartament-murter-old-town-a21-id-208","status":"publish","type":"product","link":"https:\/\/murter-online.com\/pl\/produkt\/apartament-murter-old-town-a21-id-208\/","title":{"rendered":"Apartament Murter Old Town A2+1 ID 208"},"content":{"rendered":"","protected":false},"excerpt":{"rendered":"<p>Niedrogie mieszkanie w Murter. Apartament dla max.2 + 1 os\u00f3b znajduje si\u0119 w starej cz\u0119\u015bci Murteru. Najbli\u017csza pla\u017ca to \u010cigra\u0111a. Mieszkanie znajduje si\u0119 na parterze, posiada jedn\u0105 sypialni\u0119, w kt\u00f3rej mog\u0105 spa\u0107 dwie osoby, salon i kuchni\u0119. W apartamencie znajduje si\u0119 sofa, kt\u00f3ra mo\u017ce s\u0142u\u017cy\u0107 do spania. Taras jest wsp\u00f3lny, go\u015bcie apartamentu dziel\u0105 go z dwoma kolejnymi pokojami dwuosobowymi. Parking jest dost\u0119pny i bezp\u0142atny<\/p>\n","protected":false},"featured_media":27888,"template":"","meta":{"_acf_changed":false},"product_brand":[],"product_cat":[153,131],"product_tag":[],"class_list":{"0":"post-52140","1":"product","2":"type-product","3":"status-publish","4":"has-post-thumbnail","6":"product_cat-apartamenty-dla-rodzin","7":"product_cat-apartamenty","9":"first","10":"instock","11":"sold-individually","12":"shipping-taxable","13":"purchasable","14":"product-type-phive_booking"},"acf":[],"_links":{"self":[{"href":"https:\/\/murter-online.com\/pl\/wp-json\/wp\/v2\/product\/52140","targetHints":{"allow":["GET"]}}],"collection":[{"href":"https:\/\/murter-online.com\/pl\/wp-json\/wp\/v2\/product"}],"about":[{"href":"https:\/\/murter-online.com\/pl\/wp-json\/wp\/v2\/types\/product"}],"wp:featuredmedia":[{"embeddable":true,"href":"https:\/\/murter-online.com\/pl\/wp-json\/wp\/v2\/media\/27888"}],"wp:attachment":[{"href":"https:\/\/murter-online.com\/pl\/wp-json\/wp\/v2\/media?parent=52140"}],"wp:term":[{"taxonomy":"product_brand","embeddable":true,"href":"https:\/\/murter-online.com\/pl\/wp-json\/wp\/v2\/product_brand?post=52140"},{"taxonomy":"product_cat","embeddable":true,"href":"https:\/\/murter-online.com\/pl\/wp-json\/wp\/v2\/product_cat?post=52140"},{"taxonomy":"product_tag","embeddable":true,"href":"https:\/\/murter-online.com\/pl\/wp-json\/wp\/v2\/product_tag?post=52140"}],"curies":[{"name":"wp","href":"https:\/\/api.w.org\/{rel}","templated":true}]}}