{"id":52149,"date":"2025-01-05T17:50:50","date_gmt":"2025-01-05T17:50:50","guid":{"rendered":"https:\/\/murter.riot.hr\/?post_type=product&#038;p=52149"},"modified":"2025-04-14T13:45:43","modified_gmt":"2025-04-14T12:45:43","slug":"apartament-murter-podvrske-a21-id-299","status":"publish","type":"product","link":"https:\/\/murter-online.com\/pl\/produkt\/apartament-murter-podvrske-a21-id-299\/","title":{"rendered":"Apartament wakacyjny blisko pla\u017cy Podvr\u0161ke Murter A2+1 ID 299"},"content":{"rendered":"","protected":false},"excerpt":{"rendered":"<p>Mieszkanie z 1 sypialnia dla \u0142\u0105cznie 2+2 os\u00f3b znajduje si\u0119 w doskona\u0142ej lokalizacji. Mieszkanie znajduje si\u0119 w pobli\u017cu miejskiej pla\u017cy Luke (150 metr\u00f3w, odpowiednia dla dzieci i os\u00f3b starszych) oraz w pobli\u017cu piaszczystej pla\u017cy Podvr\u0161ke (maks. 5-7 pieszo). W apartamencie znajduje si\u0119 w pe\u0142ni wyposa\u017cona kuchnia. Jest zamra\u017carka, piekarnik, czajnik, ekspres do kawy. W apartamencie znajduj\u0105 si\u0119 4 podstawowe \u0142\u00f3\u017cka, w pokoju znajduje si\u0119 1 dodatkowe \u0142\u00f3\u017cko, kt\u00f3re mo\u017ce s\u0142u\u017cy\u0107 do spania. Apartament wyposa\u017cony jest w bezp\u0142atne WiFi i klimatyzacj\u0119. Parking dla samochodu znajduje si\u0119 przed domem w podw\u00f3rzu. Mieszkanie posiada taras z widokiem na morze.<\/p>\n","protected":false},"featured_media":28372,"template":"","meta":{"_acf_changed":false},"product_brand":[],"product_cat":[153,131,151],"product_tag":[],"class_list":{"0":"post-52149","1":"product","2":"type-product","3":"status-publish","4":"has-post-thumbnail","6":"product_cat-apartamenty-dla-rodzin","7":"product_cat-apartamenty","8":"product_cat-apartamenty-z-widokiem-na-morze","10":"first","11":"instock","12":"sold-individually","13":"shipping-taxable","14":"purchasable","15":"product-type-phive_booking"},"acf":[],"_links":{"self":[{"href":"https:\/\/murter-online.com\/pl\/wp-json\/wp\/v2\/product\/52149","targetHints":{"allow":["GET"]}}],"collection":[{"href":"https:\/\/murter-online.com\/pl\/wp-json\/wp\/v2\/product"}],"about":[{"href":"https:\/\/murter-online.com\/pl\/wp-json\/wp\/v2\/types\/product"}],"wp:featuredmedia":[{"embeddable":true,"href":"https:\/\/murter-online.com\/pl\/wp-json\/wp\/v2\/media\/28372"}],"wp:attachment":[{"href":"https:\/\/murter-online.com\/pl\/wp-json\/wp\/v2\/media?parent=52149"}],"wp:term":[{"taxonomy":"product_brand","embeddable":true,"href":"https:\/\/murter-online.com\/pl\/wp-json\/wp\/v2\/product_brand?post=52149"},{"taxonomy":"product_cat","embeddable":true,"href":"https:\/\/murter-online.com\/pl\/wp-json\/wp\/v2\/product_cat?post=52149"},{"taxonomy":"product_tag","embeddable":true,"href":"https:\/\/murter-online.com\/pl\/wp-json\/wp\/v2\/product_tag?post=52149"}],"curies":[{"name":"wp","href":"https:\/\/api.w.org\/{rel}","templated":true}]}}