{"id":52157,"date":"2025-01-05T18:39:39","date_gmt":"2025-01-05T18:39:39","guid":{"rendered":"https:\/\/murter.riot.hr\/?post_type=product&#038;p=52157"},"modified":"2025-04-26T13:35:08","modified_gmt":"2025-04-26T12:35:08","slug":"apartament-murter-sloneczne-miejsce-a21-id-54","status":"publish","type":"product","link":"https:\/\/murter-online.com\/pl\/produkt\/apartament-murter-sloneczne-miejsce-a21-id-54\/","title":{"rendered":"Apartament wakacyjny dla rodziny S\u0142oneczne miejsce Murter A2+1 ID 54"},"content":{"rendered":"","protected":false},"excerpt":{"rendered":"<p>Apartament Jasenka Sunny place A2 + 1 ID 54 znajduje si\u0119 w pobli\u017cu miejskiej pla\u017cy Luka. Mieszkanie znajduje si\u0119 w spokojnej okolicy, a do centrum jest zaledwie kilka minut spacerem. Mieszkanie sk\u0142ada si\u0119 z sypialni, toalety, salonu z kuchni\u0105 i przestronnego tarasu. Apartament wyposa\u017cony jest w bezp\u0142atne WiFi, klimatyzacj\u0119, zmywark\u0119 do naczy\u0144 i telewizj\u0119 satelitarn\u0105. Po\u015bciel, r\u0119czniki i sprz\u0105tanie ko\u0144cowe s\u0105 wliczone w cen\u0119.<\/p>\n","protected":false},"featured_media":28944,"template":"","meta":{"_acf_changed":false},"product_brand":[],"product_cat":[153,131],"product_tag":[],"class_list":{"0":"post-52157","1":"product","2":"type-product","3":"status-publish","4":"has-post-thumbnail","6":"product_cat-apartamenty-dla-rodzin","7":"product_cat-apartamenty","9":"first","10":"instock","11":"sold-individually","12":"shipping-taxable","13":"purchasable","14":"product-type-phive_booking"},"acf":[],"_links":{"self":[{"href":"https:\/\/murter-online.com\/pl\/wp-json\/wp\/v2\/product\/52157","targetHints":{"allow":["GET"]}}],"collection":[{"href":"https:\/\/murter-online.com\/pl\/wp-json\/wp\/v2\/product"}],"about":[{"href":"https:\/\/murter-online.com\/pl\/wp-json\/wp\/v2\/types\/product"}],"wp:featuredmedia":[{"embeddable":true,"href":"https:\/\/murter-online.com\/pl\/wp-json\/wp\/v2\/media\/28944"}],"wp:attachment":[{"href":"https:\/\/murter-online.com\/pl\/wp-json\/wp\/v2\/media?parent=52157"}],"wp:term":[{"taxonomy":"product_brand","embeddable":true,"href":"https:\/\/murter-online.com\/pl\/wp-json\/wp\/v2\/product_brand?post=52157"},{"taxonomy":"product_cat","embeddable":true,"href":"https:\/\/murter-online.com\/pl\/wp-json\/wp\/v2\/product_cat?post=52157"},{"taxonomy":"product_tag","embeddable":true,"href":"https:\/\/murter-online.com\/pl\/wp-json\/wp\/v2\/product_tag?post=52157"}],"curies":[{"name":"wp","href":"https:\/\/api.w.org\/{rel}","templated":true}]}}