{"id":52161,"date":"2025-01-05T18:46:49","date_gmt":"2025-01-05T18:46:49","guid":{"rendered":"https:\/\/murter.riot.hr\/?post_type=product&#038;p=52161"},"modified":"2025-04-16T20:02:57","modified_gmt":"2025-04-16T19:02:57","slug":"apartament-murter-sloneczne-miejsce-a21-id-55","status":"publish","type":"product","link":"https:\/\/murter-online.com\/pl\/produkt\/apartament-murter-sloneczne-miejsce-a21-id-55\/","title":{"rendered":"Apartament wakacyjny z widokiem na morze S\u0142oneczne miejsce Murter A2+1 ID 55"},"content":{"rendered":"","protected":false},"excerpt":{"rendered":"<p>Apartament Seaside A2 + 1 ID 55 znajduje si\u0119 w pobli\u017cu miejskiej pla\u017cy Luka. Mieszkanie znajduje si\u0119 w spokojnej okolicy, a do centrum jest zaledwie kilka minut spacerem. Mieszkanie sk\u0142ada si\u0119 z sypialni, toalety, salonu z kuchni\u0105 i przestronnego tarasu. Apartament wyposa\u017cony jest w bezp\u0142atny bezprzewodowy dost\u0119p do Internetu, klimatyzacj\u0119, zmywark\u0119 do naczy\u0144 i telewizj\u0119 satelitarn\u0105. Po\u015bciel, r\u0119czniki i sprz\u0105tanie ko\u0144cowe s\u0105 wliczone w cen\u0119.<\/p>\n","protected":false},"featured_media":29008,"template":"","meta":{"_acf_changed":false},"product_brand":[],"product_cat":[153,131,151],"product_tag":[],"class_list":{"0":"post-52161","1":"product","2":"type-product","3":"status-publish","4":"has-post-thumbnail","6":"product_cat-apartamenty-dla-rodzin","7":"product_cat-apartamenty","8":"product_cat-apartamenty-z-widokiem-na-morze","10":"first","11":"instock","12":"sold-individually","13":"shipping-taxable","14":"purchasable","15":"product-type-phive_booking"},"acf":[],"_links":{"self":[{"href":"https:\/\/murter-online.com\/pl\/wp-json\/wp\/v2\/product\/52161","targetHints":{"allow":["GET"]}}],"collection":[{"href":"https:\/\/murter-online.com\/pl\/wp-json\/wp\/v2\/product"}],"about":[{"href":"https:\/\/murter-online.com\/pl\/wp-json\/wp\/v2\/types\/product"}],"wp:featuredmedia":[{"embeddable":true,"href":"https:\/\/murter-online.com\/pl\/wp-json\/wp\/v2\/media\/29008"}],"wp:attachment":[{"href":"https:\/\/murter-online.com\/pl\/wp-json\/wp\/v2\/media?parent=52161"}],"wp:term":[{"taxonomy":"product_brand","embeddable":true,"href":"https:\/\/murter-online.com\/pl\/wp-json\/wp\/v2\/product_brand?post=52161"},{"taxonomy":"product_cat","embeddable":true,"href":"https:\/\/murter-online.com\/pl\/wp-json\/wp\/v2\/product_cat?post=52161"},{"taxonomy":"product_tag","embeddable":true,"href":"https:\/\/murter-online.com\/pl\/wp-json\/wp\/v2\/product_tag?post=52161"}],"curies":[{"name":"wp","href":"https:\/\/api.w.org\/{rel}","templated":true}]}}