{"id":52165,"date":"2025-01-05T20:51:50","date_gmt":"2025-01-05T20:51:50","guid":{"rendered":"https:\/\/murter.riot.hr\/?post_type=product&#038;p=52165"},"modified":"2025-04-16T20:14:00","modified_gmt":"2025-04-16T19:14:00","slug":"apartament-murter-z-miejscem-do-cumowania-lodzi-1-a2-1-id-42","status":"publish","type":"product","link":"https:\/\/murter-online.com\/pl\/produkt\/apartament-murter-z-miejscem-do-cumowania-lodzi-1-a2-1-id-42\/","title":{"rendered":"Apartamenty z miejscem do cumowania \u0142odzi Murter 1 A2 + 1 ID 42"},"content":{"rendered":"","protected":false},"excerpt":{"rendered":"<p>Uk\u0142ad pokoju: Salon i kuchnia to jeden pok\u00f3j, Ilo\u015b\u0107 dostawek w salonie: 1, Ilo\u015b\u0107 sypialni z podw\u00f3jnym \u0142\u00f3\u017ckiem: 1, Ilo\u015b\u0107 \u0142azienek z prysznicem i WC: 1, Powierzchnia tarasu: 6m2 Wyposa\u017cenie jednostki zakwaterowania: Klimatyzacja, Telewizja satelitarna, Brak pralki, Lod\u00f3wka, kuchenka, telewizor, ogrzewanie, internet, grill, Pozycja i wygl\u0105d zewn\u0119trzny kwatery: Widok morza, Wsp\u00f3lne wej\u015bcie, 1. pi\u0119tro, Dodatkowe informacje: Zameldowanie od: 14h, Wymeldowanie do: 10h Zwierz\u0119ta domowe niedozwolone, Palenie dozwolone, Cena zawiera: Cotygodniowa zmiana po\u015bcieli, r\u0119czniki, przybory kuchenne i zastawa sto\u0142owa, zu\u017cycie energii elektrycznej, wody i gazu, przybory kuchenne, papier toaletowy (po przyje\u017adzie), sprz\u0105tanie ko\u0144cowe<\/p>\n","protected":false},"featured_media":29452,"template":"","meta":{"_acf_changed":false},"product_brand":[],"product_cat":[153,131,154,151],"product_tag":[],"class_list":{"0":"post-52165","1":"product","2":"type-product","3":"status-publish","4":"has-post-thumbnail","6":"product_cat-apartamenty-dla-rodzin","7":"product_cat-apartamenty","8":"product_cat-apartamenty-z-miejscem-do-cumowania-lodzi","9":"product_cat-apartamenty-z-widokiem-na-morze","11":"first","12":"instock","13":"sold-individually","14":"shipping-taxable","15":"purchasable","16":"product-type-phive_booking"},"acf":[],"_links":{"self":[{"href":"https:\/\/murter-online.com\/pl\/wp-json\/wp\/v2\/product\/52165","targetHints":{"allow":["GET"]}}],"collection":[{"href":"https:\/\/murter-online.com\/pl\/wp-json\/wp\/v2\/product"}],"about":[{"href":"https:\/\/murter-online.com\/pl\/wp-json\/wp\/v2\/types\/product"}],"wp:featuredmedia":[{"embeddable":true,"href":"https:\/\/murter-online.com\/pl\/wp-json\/wp\/v2\/media\/29452"}],"wp:attachment":[{"href":"https:\/\/murter-online.com\/pl\/wp-json\/wp\/v2\/media?parent=52165"}],"wp:term":[{"taxonomy":"product_brand","embeddable":true,"href":"https:\/\/murter-online.com\/pl\/wp-json\/wp\/v2\/product_brand?post=52165"},{"taxonomy":"product_cat","embeddable":true,"href":"https:\/\/murter-online.com\/pl\/wp-json\/wp\/v2\/product_cat?post=52165"},{"taxonomy":"product_tag","embeddable":true,"href":"https:\/\/murter-online.com\/pl\/wp-json\/wp\/v2\/product_tag?post=52165"}],"curies":[{"name":"wp","href":"https:\/\/api.w.org\/{rel}","templated":true}]}}