{"id":52169,"date":"2025-01-05T21:01:00","date_gmt":"2025-01-05T21:01:00","guid":{"rendered":"https:\/\/murter.riot.hr\/?post_type=product&#038;p=52169"},"modified":"2025-04-17T07:14:49","modified_gmt":"2025-04-17T06:14:49","slug":"apartament-murter-z-miejscem-do-cumowania-4-a2-1-id-40","status":"publish","type":"product","link":"https:\/\/murter-online.com\/pl\/produkt\/apartament-murter-z-miejscem-do-cumowania-4-a2-1-id-40\/","title":{"rendered":"Apartamenty z miejscem do cumowania \u0142odzi Murter 4 A2 + 1 ID 40"},"content":{"rendered":"","protected":false},"excerpt":{"rendered":"<p>Uk\u0142ad pokoju: Salon i kuchnia to jeden pok\u00f3j, Ilo\u015b\u0107 dostawek w salonie: 1, Ilo\u015b\u0107 sypialni z podw\u00f3jnym \u0142\u00f3\u017ckiem: 1, Ilo\u015b\u0107 \u0142azienek z prysznicem i WC: 1, Powierzchnia tarasu: 8m2 Wyposa\u017cenie jednostki zakwaterowania: Klimatyzacja, Telewizja satelitarna, Brak pralki, Lod\u00f3wka, kuchenka, telewizor, ogrzewanie, Internet, Pozycja i wygl\u0105d zewn\u0119trzny kwatery: Widok morza, Wsp\u00f3lne wej\u015bcie, 2. pi\u0119tro, Dodatkowe informacje: Zameldowanie od: 14h, Wymeldowanie do: 10h, Zwierz\u0119ta domowe niedozwolone, Palenie dozwolone, Cena zawiera: Cotygodniowa zmiana po\u015bcieli, R\u0119czniki, Przybory kuchenne i kuchenne, Zu\u017cycie energii elektrycznej, wody i gazu, Przybory do czyszczenia, Papier toaletowy (po przyje\u017adzie), Sprz\u0105tanie ko\u0144cowe,<\/p>\n","protected":false},"featured_media":29504,"template":"","meta":{"_acf_changed":false},"product_brand":[],"product_cat":[153,131,154,151],"product_tag":[],"class_list":{"0":"post-52169","1":"product","2":"type-product","3":"status-publish","4":"has-post-thumbnail","6":"product_cat-apartamenty-dla-rodzin","7":"product_cat-apartamenty","8":"product_cat-apartamenty-z-miejscem-do-cumowania-lodzi","9":"product_cat-apartamenty-z-widokiem-na-morze","11":"first","12":"instock","13":"sold-individually","14":"shipping-taxable","15":"purchasable","16":"product-type-phive_booking"},"acf":[],"_links":{"self":[{"href":"https:\/\/murter-online.com\/pl\/wp-json\/wp\/v2\/product\/52169","targetHints":{"allow":["GET"]}}],"collection":[{"href":"https:\/\/murter-online.com\/pl\/wp-json\/wp\/v2\/product"}],"about":[{"href":"https:\/\/murter-online.com\/pl\/wp-json\/wp\/v2\/types\/product"}],"wp:featuredmedia":[{"embeddable":true,"href":"https:\/\/murter-online.com\/pl\/wp-json\/wp\/v2\/media\/29504"}],"wp:attachment":[{"href":"https:\/\/murter-online.com\/pl\/wp-json\/wp\/v2\/media?parent=52169"}],"wp:term":[{"taxonomy":"product_brand","embeddable":true,"href":"https:\/\/murter-online.com\/pl\/wp-json\/wp\/v2\/product_brand?post=52169"},{"taxonomy":"product_cat","embeddable":true,"href":"https:\/\/murter-online.com\/pl\/wp-json\/wp\/v2\/product_cat?post=52169"},{"taxonomy":"product_tag","embeddable":true,"href":"https:\/\/murter-online.com\/pl\/wp-json\/wp\/v2\/product_tag?post=52169"}],"curies":[{"name":"wp","href":"https:\/\/api.w.org\/{rel}","templated":true}]}}