{"id":52176,"date":"2025-01-05T21:10:21","date_gmt":"2025-01-05T21:10:21","guid":{"rendered":"https:\/\/murter.riot.hr\/?post_type=product&#038;p=52176"},"modified":"2025-04-16T20:45:10","modified_gmt":"2025-04-16T19:45:10","slug":"apartament-murter-z-basenem-slanica-a22-id-47","status":"publish","type":"product","link":"https:\/\/murter-online.com\/pl\/produkt\/apartament-murter-z-basenem-slanica-a22-id-47\/","title":{"rendered":"Apartament wakacyjny z basenem Slanica Murter A2+2 ID 47"},"content":{"rendered":"","protected":false},"excerpt":{"rendered":"<p>Apartament Slanica znajduje si\u0119 na drugim pi\u0119trze. Ma jedn\u0105 sypialni\u0119, przestronny salon, nowoczesn\u0105 kuchni\u0119 i \u0142azienk\u0119 z prysznicem parowym z hydromasa\u017cem. Du\u017cy balkon zachwyca widokiem na okolic\u0119, ogr\u00f3d i morze. Apartament wyposa\u017cony jest w klimatyzacj\u0119, bezp\u0142atny bezprzewodowy dost\u0119p do Internetu i telewizj\u0119 satelitarn\u0105 Po\u015bciel, r\u0119czniki i sprz\u0105tanie ko\u0144cowe s\u0105 wliczone w cen\u0119.<\/p>\n","protected":false},"featured_media":29556,"template":"","meta":{"_acf_changed":false},"product_brand":[],"product_cat":[153,131,152,151],"product_tag":[],"class_list":{"0":"post-52176","1":"product","2":"type-product","3":"status-publish","4":"has-post-thumbnail","6":"product_cat-apartamenty-dla-rodzin","7":"product_cat-apartamenty","8":"product_cat-apartamenty-z-basenem","9":"product_cat-apartamenty-z-widokiem-na-morze","11":"first","12":"instock","13":"sold-individually","14":"shipping-taxable","15":"purchasable","16":"product-type-phive_booking"},"acf":[],"_links":{"self":[{"href":"https:\/\/murter-online.com\/pl\/wp-json\/wp\/v2\/product\/52176","targetHints":{"allow":["GET"]}}],"collection":[{"href":"https:\/\/murter-online.com\/pl\/wp-json\/wp\/v2\/product"}],"about":[{"href":"https:\/\/murter-online.com\/pl\/wp-json\/wp\/v2\/types\/product"}],"wp:featuredmedia":[{"embeddable":true,"href":"https:\/\/murter-online.com\/pl\/wp-json\/wp\/v2\/media\/29556"}],"wp:attachment":[{"href":"https:\/\/murter-online.com\/pl\/wp-json\/wp\/v2\/media?parent=52176"}],"wp:term":[{"taxonomy":"product_brand","embeddable":true,"href":"https:\/\/murter-online.com\/pl\/wp-json\/wp\/v2\/product_brand?post=52176"},{"taxonomy":"product_cat","embeddable":true,"href":"https:\/\/murter-online.com\/pl\/wp-json\/wp\/v2\/product_cat?post=52176"},{"taxonomy":"product_tag","embeddable":true,"href":"https:\/\/murter-online.com\/pl\/wp-json\/wp\/v2\/product_tag?post=52176"}],"curies":[{"name":"wp","href":"https:\/\/api.w.org\/{rel}","templated":true}]}}