{"id":52202,"date":"2025-01-06T07:48:36","date_gmt":"2025-01-06T07:48:36","guid":{"rendered":"https:\/\/murter.riot.hr\/?post_type=product&#038;p=52202"},"modified":"2025-04-17T09:42:37","modified_gmt":"2025-04-17T08:42:37","slug":"apartament-peace-przy-plazy-slanica-a22-id-310","status":"publish","type":"product","link":"https:\/\/murter-online.com\/pl\/produkt\/apartament-peace-przy-plazy-slanica-a22-id-310\/","title":{"rendered":"Apartament wakacyjny z widokiem na morze przy pla\u017cy Slanica Peace Murter A2+2 ID 310"},"content":{"rendered":"","protected":false},"excerpt":{"rendered":"<p>Apartament po\u0142o\u017cony jest w spokojnej i cichej okolicy niedaleko piaszczystej pla\u017cy Slanica. Mieszkanie ma jedn\u0105 sypialni\u0119, w kt\u00f3rej mog\u0105 spa\u0107 2 osoby doros\u0142e. W salonie znajduje si\u0119 dodatkowe \u0142\u00f3\u017cko, na kt\u00f3rym mo\u017ce spa\u0107 dw\u00f3jka ma\u0142ych dzieci lub 1 osoba doros\u0142a. W apartamencie znajduje si\u0119 \u0142azienka z prysznicem. Mieszkanie posiada taras z widokiem na morze. Znajduje si\u0119 10 minut spacerem od centrum Murter i 500 metr\u00f3w od pierwszej pla\u017cy. Przed domem znajduje si\u0119 bezp\u0142atny parking dla go\u015bci apartamentu oraz grill, z kt\u00f3rego mo\u017cna korzysta\u0107 bezp\u0142atnie. Apartament oferuje klimatyzacj\u0119, bezp\u0142atne WiFi, kuchni\u0119 z lod\u00f3wk\u0105, kuchenk\u0105 i kuchenk\u0105 mikrofalow\u0105.<\/p>\n","protected":false},"featured_media":30008,"template":"","meta":{"_acf_changed":false},"product_brand":[],"product_cat":[153,131,151],"product_tag":[],"class_list":{"0":"post-52202","1":"product","2":"type-product","3":"status-publish","4":"has-post-thumbnail","6":"product_cat-apartamenty-dla-rodzin","7":"product_cat-apartamenty","8":"product_cat-apartamenty-z-widokiem-na-morze","10":"first","11":"instock","12":"sold-individually","13":"shipping-taxable","14":"purchasable","15":"product-type-phive_booking"},"acf":[],"_links":{"self":[{"href":"https:\/\/murter-online.com\/pl\/wp-json\/wp\/v2\/product\/52202","targetHints":{"allow":["GET"]}}],"collection":[{"href":"https:\/\/murter-online.com\/pl\/wp-json\/wp\/v2\/product"}],"about":[{"href":"https:\/\/murter-online.com\/pl\/wp-json\/wp\/v2\/types\/product"}],"wp:featuredmedia":[{"embeddable":true,"href":"https:\/\/murter-online.com\/pl\/wp-json\/wp\/v2\/media\/30008"}],"wp:attachment":[{"href":"https:\/\/murter-online.com\/pl\/wp-json\/wp\/v2\/media?parent=52202"}],"wp:term":[{"taxonomy":"product_brand","embeddable":true,"href":"https:\/\/murter-online.com\/pl\/wp-json\/wp\/v2\/product_brand?post=52202"},{"taxonomy":"product_cat","embeddable":true,"href":"https:\/\/murter-online.com\/pl\/wp-json\/wp\/v2\/product_cat?post=52202"},{"taxonomy":"product_tag","embeddable":true,"href":"https:\/\/murter-online.com\/pl\/wp-json\/wp\/v2\/product_tag?post=52202"}],"curies":[{"name":"wp","href":"https:\/\/api.w.org\/{rel}","templated":true}]}}