{"id":52206,"date":"2025-01-06T08:19:35","date_gmt":"2025-01-06T08:19:35","guid":{"rendered":"https:\/\/murter.riot.hr\/?post_type=product&#038;p=52206"},"modified":"2025-01-26T07:35:06","modified_gmt":"2025-01-26T07:35:06","slug":"apartament-peace-przy-plazy-slanica-a22-id-311","status":"publish","type":"product","link":"https:\/\/murter-online.com\/pl\/produkt\/apartament-peace-przy-plazy-slanica-a22-id-311\/","title":{"rendered":"Apartament Peace przy pla\u017cy Slanica A2+2 ID 311"},"content":{"rendered":"","protected":false},"excerpt":{"rendered":"<p>Apartament po\u0142o\u017cony jest w spokojnej i cichej okolicy niedaleko piaszczystej pla\u017cy Slanica. Mieszkanie ma jedn\u0105 sypialni\u0119, w kt\u00f3rej mog\u0105 spa\u0107 2 osoby doros\u0142e. W salonie znajduje si\u0119 dodatkowe \u0142\u00f3\u017cko, na kt\u00f3rym mog\u0105 spa\u0107 dwie dodatkowe osoby. W apartamencie znajduje si\u0119 \u0142azienka z prysznicem. Mieszkanie posiada taras, kt\u00f3ry jest w cieniu w godzinach popo\u0142udniowych. Znajduje si\u0119 10 minut spacerem od centrum Murter i 500 metr\u00f3w od pierwszej pla\u017cy. Przed domem znajduje si\u0119 bezp\u0142atny parking dla go\u015bci apartamentu oraz grill, z kt\u00f3rego mo\u017cna korzysta\u0107 bezp\u0142atnie. Apartament oferuje klimatyzacj\u0119, bezp\u0142atne WiFi, kuchni\u0119 z lod\u00f3wk\u0105, kuchenk\u0105 i kuchenk\u0105 mikrofalow\u0105.<\/p>\n","protected":false},"featured_media":30072,"template":"","meta":{"_acf_changed":false},"product_brand":[],"product_cat":[153,131],"product_tag":[],"class_list":{"0":"post-52206","1":"product","2":"type-product","3":"status-publish","4":"has-post-thumbnail","6":"product_cat-apartamenty-dla-rodzin","7":"product_cat-apartamenty","9":"first","10":"instock","11":"sold-individually","12":"shipping-taxable","13":"purchasable","14":"product-type-phive_booking"},"acf":[],"_links":{"self":[{"href":"https:\/\/murter-online.com\/pl\/wp-json\/wp\/v2\/product\/52206","targetHints":{"allow":["GET"]}}],"collection":[{"href":"https:\/\/murter-online.com\/pl\/wp-json\/wp\/v2\/product"}],"about":[{"href":"https:\/\/murter-online.com\/pl\/wp-json\/wp\/v2\/types\/product"}],"wp:featuredmedia":[{"embeddable":true,"href":"https:\/\/murter-online.com\/pl\/wp-json\/wp\/v2\/media\/30072"}],"wp:attachment":[{"href":"https:\/\/murter-online.com\/pl\/wp-json\/wp\/v2\/media?parent=52206"}],"wp:term":[{"taxonomy":"product_brand","embeddable":true,"href":"https:\/\/murter-online.com\/pl\/wp-json\/wp\/v2\/product_brand?post=52206"},{"taxonomy":"product_cat","embeddable":true,"href":"https:\/\/murter-online.com\/pl\/wp-json\/wp\/v2\/product_cat?post=52206"},{"taxonomy":"product_tag","embeddable":true,"href":"https:\/\/murter-online.com\/pl\/wp-json\/wp\/v2\/product_tag?post=52206"}],"curies":[{"name":"wp","href":"https:\/\/api.w.org\/{rel}","templated":true}]}}