{"id":52215,"date":"2025-01-05T13:58:35","date_gmt":"2025-01-05T12:58:35","guid":{"rendered":"https:\/\/murter.riot.hr\/?post_type=product&#038;p=52215"},"modified":"2025-01-26T07:46:31","modified_gmt":"2025-01-26T07:46:31","slug":"kawalerka-z-miejscem-do-cumowania-lodzi-a2-id-215","status":"publish","type":"product","link":"https:\/\/murter-online.com\/pl\/produkt\/kawalerka-z-miejscem-do-cumowania-lodzi-a2-id-215\/","title":{"rendered":"Kawalerka z miejscem do cumowania \u0142odzi A2 ID 215"},"content":{"rendered":"","protected":false},"excerpt":{"rendered":"<p>Apartament z bezp\u0142atnym miejscem do cumowania \u0142odzi w Murter. Nowo wyremontowany apartament dla dw\u00f3ch os\u00f3b w pobli\u017cu pla\u017cy Podvr\u0161ke. Pierwsza pla\u017ca znajduje si\u0119 150 metr\u00f3w od apartamentu. Parking dla go\u015bci znajduje si\u0119 przed domem i jest wliczony w cen\u0119 mieszkania. Jest grill na \u015bwie\u017cym powietrzu, z kt\u00f3rego mo\u017cna korzysta\u0107.<\/p>\n","protected":false},"featured_media":26772,"template":"","meta":{"_acf_changed":false},"product_brand":[],"product_cat":[155],"product_tag":[],"class_list":{"0":"post-52215","1":"product","2":"type-product","3":"status-publish","4":"has-post-thumbnail","6":"product_cat-kawalerka","8":"first","9":"instock","10":"sold-individually","11":"shipping-taxable","12":"purchasable","13":"product-type-phive_booking"},"acf":[],"_links":{"self":[{"href":"https:\/\/murter-online.com\/pl\/wp-json\/wp\/v2\/product\/52215","targetHints":{"allow":["GET"]}}],"collection":[{"href":"https:\/\/murter-online.com\/pl\/wp-json\/wp\/v2\/product"}],"about":[{"href":"https:\/\/murter-online.com\/pl\/wp-json\/wp\/v2\/types\/product"}],"wp:featuredmedia":[{"embeddable":true,"href":"https:\/\/murter-online.com\/pl\/wp-json\/wp\/v2\/media\/26772"}],"wp:attachment":[{"href":"https:\/\/murter-online.com\/pl\/wp-json\/wp\/v2\/media?parent=52215"}],"wp:term":[{"taxonomy":"product_brand","embeddable":true,"href":"https:\/\/murter-online.com\/pl\/wp-json\/wp\/v2\/product_brand?post=52215"},{"taxonomy":"product_cat","embeddable":true,"href":"https:\/\/murter-online.com\/pl\/wp-json\/wp\/v2\/product_cat?post=52215"},{"taxonomy":"product_tag","embeddable":true,"href":"https:\/\/murter-online.com\/pl\/wp-json\/wp\/v2\/product_tag?post=52215"}],"curies":[{"name":"wp","href":"https:\/\/api.w.org\/{rel}","templated":true}]}}