{"id":52222,"date":"2025-01-06T08:48:10","date_gmt":"2025-01-06T08:48:10","guid":{"rendered":"https:\/\/murter.riot.hr\/?post_type=product&#038;p=52222"},"modified":"2025-04-21T10:04:19","modified_gmt":"2025-04-21T09:04:19","slug":"apartament-podraduc-murter-a2-id-290","status":"publish","type":"product","link":"https:\/\/murter-online.com\/pl\/produkt\/apartament-podraduc-murter-a2-id-290\/","title":{"rendered":"Apartament wakacyjny dla 2 os\u00f3b Podradu\u010d Murter A2 ID 290"},"content":{"rendered":"","protected":false},"excerpt":{"rendered":"<p>Mieszkanie zlokalizowane jest przy ulicy Podradu\u010d. Przed domem znajduje si\u0119 kamienista pla\u017ca, w jej obr\u0119bie znajduje si\u0119 miejsce z le\u017cakami, z kt\u00f3rych mo\u017cna korzysta\u0107 bezp\u0142atnie. Z apartamentu nie wida\u0107 morza, ale apartament posiada ma\u0142y taras z widokiem na morze. Mieszkanie ma jedn\u0105 sypialni\u0119, w kt\u00f3rej mog\u0105 spa\u0107 2 osoby doros\u0142e. Posiada toalet\u0119, \u0142azienk\u0119 i kuchni\u0119. Kuchnia jest w pe\u0142ni wyposa\u017cona. Do dyspozycji Go\u015bci jest lod\u00f3wka, kuchenka elektryczna, czajnik i ekspres do kawy. Mieszkanie posiada klimatyzacj\u0119 i internet WiFi. Na \u015bwie\u017cym powietrzu dost\u0119pny jest grill, z kt\u00f3rego mo\u017cna korzysta\u0107 bezp\u0142atnie. Parking znajduje si\u0119 przed domem i jest wliczony w cen\u0119 apartamentu.<\/p>\n","protected":false},"featured_media":30192,"template":"","meta":{"_acf_changed":false},"product_brand":[],"product_cat":[131,155],"product_tag":[],"class_list":{"0":"post-52222","1":"product","2":"type-product","3":"status-publish","4":"has-post-thumbnail","6":"product_cat-apartamenty","7":"product_cat-kawalerka","9":"first","10":"instock","11":"sold-individually","12":"shipping-taxable","13":"purchasable","14":"product-type-phive_booking"},"acf":[],"_links":{"self":[{"href":"https:\/\/murter-online.com\/pl\/wp-json\/wp\/v2\/product\/52222","targetHints":{"allow":["GET"]}}],"collection":[{"href":"https:\/\/murter-online.com\/pl\/wp-json\/wp\/v2\/product"}],"about":[{"href":"https:\/\/murter-online.com\/pl\/wp-json\/wp\/v2\/types\/product"}],"wp:featuredmedia":[{"embeddable":true,"href":"https:\/\/murter-online.com\/pl\/wp-json\/wp\/v2\/media\/30192"}],"wp:attachment":[{"href":"https:\/\/murter-online.com\/pl\/wp-json\/wp\/v2\/media?parent=52222"}],"wp:term":[{"taxonomy":"product_brand","embeddable":true,"href":"https:\/\/murter-online.com\/pl\/wp-json\/wp\/v2\/product_brand?post=52222"},{"taxonomy":"product_cat","embeddable":true,"href":"https:\/\/murter-online.com\/pl\/wp-json\/wp\/v2\/product_cat?post=52222"},{"taxonomy":"product_tag","embeddable":true,"href":"https:\/\/murter-online.com\/pl\/wp-json\/wp\/v2\/product_tag?post=52222"}],"curies":[{"name":"wp","href":"https:\/\/api.w.org\/{rel}","templated":true}]}}