{"id":52228,"date":"2025-01-05T13:50:45","date_gmt":"2025-01-05T13:50:45","guid":{"rendered":"https:\/\/murter.riot.hr\/?post_type=product&#038;p=52228"},"modified":"2025-04-23T10:50:03","modified_gmt":"2025-04-23T09:50:03","slug":"kawalerka-w-starej-czesci-murtera-a2-2","status":"publish","type":"product","link":"https:\/\/murter-online.com\/pl\/produkt\/kawalerka-w-starej-czesci-murtera-a2-2\/","title":{"rendered":"Apartment wakacyjny w starej cz\u0119\u015bci Murtera A2"},"content":{"rendered":"","protected":false},"excerpt":{"rendered":"<p>Kawalerka dla max. 2 osoby znajduje si\u0119 w starej cz\u0119\u015bci Murter. W apartamencie znajduje si\u0119 podw\u00f3jne \u0142\u00f3\u017cko, w kt\u00f3rym mog\u0105 spa\u0107 dwie osoby doros\u0142e. Mieszkanie znajduje si\u0119 na pierwszym pi\u0119trze domu. W apartamencie znajduje si\u0119 aneks kuchenny oraz toaleta z \u0142azienk\u0105. W kuchni znajduje si\u0119 ma\u0142a lod\u00f3wka i naczynia do przygotowania posi\u0142ku dla 2 os\u00f3b. W apartamencie znajduje si\u0119 bezprzewodowy internet oraz klimatyzacja. Parking znajduje si\u0119 150 metr\u00f3w od apartamentu i jest wliczony w cen\u0119. Najbli\u017csza pla\u017ca to pla\u017ca \u010cigra\u0111a, jest to max. 5-10 minut spacerem od apartamentu.<\/p>\n","protected":false},"featured_media":26732,"template":"","meta":{"_acf_changed":false},"product_brand":[],"product_cat":[155],"product_tag":[],"class_list":{"0":"post-52228","1":"product","2":"type-product","3":"status-publish","4":"has-post-thumbnail","6":"product_cat-kawalerka","8":"first","9":"instock","10":"sold-individually","11":"shipping-taxable","12":"purchasable","13":"product-type-phive_booking"},"acf":[],"_links":{"self":[{"href":"https:\/\/murter-online.com\/pl\/wp-json\/wp\/v2\/product\/52228","targetHints":{"allow":["GET"]}}],"collection":[{"href":"https:\/\/murter-online.com\/pl\/wp-json\/wp\/v2\/product"}],"about":[{"href":"https:\/\/murter-online.com\/pl\/wp-json\/wp\/v2\/types\/product"}],"wp:featuredmedia":[{"embeddable":true,"href":"https:\/\/murter-online.com\/pl\/wp-json\/wp\/v2\/media\/26732"}],"wp:attachment":[{"href":"https:\/\/murter-online.com\/pl\/wp-json\/wp\/v2\/media?parent=52228"}],"wp:term":[{"taxonomy":"product_brand","embeddable":true,"href":"https:\/\/murter-online.com\/pl\/wp-json\/wp\/v2\/product_brand?post=52228"},{"taxonomy":"product_cat","embeddable":true,"href":"https:\/\/murter-online.com\/pl\/wp-json\/wp\/v2\/product_cat?post=52228"},{"taxonomy":"product_tag","embeddable":true,"href":"https:\/\/murter-online.com\/pl\/wp-json\/wp\/v2\/product_tag?post=52228"}],"curies":[{"name":"wp","href":"https:\/\/api.w.org\/{rel}","templated":true}]}}