{"id":52245,"date":"2025-01-06T09:37:21","date_gmt":"2025-01-06T09:37:21","guid":{"rendered":"https:\/\/murter.riot.hr\/?post_type=product&#038;p=52245"},"modified":"2025-04-17T10:01:33","modified_gmt":"2025-04-17T09:01:33","slug":"dom-podraduc-seaside-dream-apartament-seaside-pearl-a21-id-80","status":"publish","type":"product","link":"https:\/\/murter-online.com\/pl\/produkt\/dom-podraduc-seaside-dream-apartament-seaside-pearl-a21-id-80\/","title":{"rendered":"Apartament wakacyjny z widokiem na morze Podradu\u010d Seaside Dream Murter A2+1 ID 80"},"content":{"rendered":"","protected":false},"excerpt":{"rendered":"<p>Apartament Seaside Pearl A2+1 ID 80 znajduje si\u0119 w pobli\u017cu pla\u017c Slanica i \u010cigra\u0111a. Oferuje on pokoje z bezp\u0142atnym bezprzewodowym dost\u0119pem do Internetu oraz bezp\u0142atny parking. Apartament zapewnia klimatyzacj\u0119, telewizor z p\u0142askim ekranem i dost\u0119pem do kana\u0142\u00f3w telewizji satelitarnej oraz \u0142azienk\u0119 z suszark\u0105 do w\u0142os\u00f3w. Do dyspozycji Go\u015bci jest r\u00f3wnie\u017c w pe\u0142ni wyposa\u017cona kuchnia z kuchenk\u0105 mikrofalow\u0105, lod\u00f3wk\u0105, p\u0142yt\u0105 kuchenn\u0105, czajnikiem elektrycznym, ekspresem do kawy i jadalni\u0105.<\/p>\n","protected":false},"featured_media":30488,"template":"","meta":{"_acf_changed":false},"product_brand":[],"product_cat":[153,131,151],"product_tag":[],"class_list":{"0":"post-52245","1":"product","2":"type-product","3":"status-publish","4":"has-post-thumbnail","6":"product_cat-apartamenty-dla-rodzin","7":"product_cat-apartamenty","8":"product_cat-apartamenty-z-widokiem-na-morze","10":"first","11":"instock","12":"sold-individually","13":"shipping-taxable","14":"purchasable","15":"product-type-phive_booking"},"acf":[],"_links":{"self":[{"href":"https:\/\/murter-online.com\/pl\/wp-json\/wp\/v2\/product\/52245","targetHints":{"allow":["GET"]}}],"collection":[{"href":"https:\/\/murter-online.com\/pl\/wp-json\/wp\/v2\/product"}],"about":[{"href":"https:\/\/murter-online.com\/pl\/wp-json\/wp\/v2\/types\/product"}],"wp:featuredmedia":[{"embeddable":true,"href":"https:\/\/murter-online.com\/pl\/wp-json\/wp\/v2\/media\/30488"}],"wp:attachment":[{"href":"https:\/\/murter-online.com\/pl\/wp-json\/wp\/v2\/media?parent=52245"}],"wp:term":[{"taxonomy":"product_brand","embeddable":true,"href":"https:\/\/murter-online.com\/pl\/wp-json\/wp\/v2\/product_brand?post=52245"},{"taxonomy":"product_cat","embeddable":true,"href":"https:\/\/murter-online.com\/pl\/wp-json\/wp\/v2\/product_cat?post=52245"},{"taxonomy":"product_tag","embeddable":true,"href":"https:\/\/murter-online.com\/pl\/wp-json\/wp\/v2\/product_tag?post=52245"}],"curies":[{"name":"wp","href":"https:\/\/api.w.org\/{rel}","templated":true}]}}