{"id":52250,"date":"2025-01-05T13:41:31","date_gmt":"2025-01-05T12:41:31","guid":{"rendered":"https:\/\/murter.riot.hr\/?post_type=product&#038;p=52250"},"modified":"2025-01-26T08:19:17","modified_gmt":"2025-01-26T08:19:17","slug":"apartament-the-garden-tisno-studio-a2","status":"publish","type":"product","link":"https:\/\/murter-online.com\/pl\/produkt\/apartament-the-garden-tisno-studio-a2\/","title":{"rendered":"Apartament The Garden Tisno studio A2"},"content":{"rendered":"","protected":false},"excerpt":{"rendered":"<p>Nowe iw pe\u0142ni wyposa\u017cone mieszkanie, po\u0142o\u017cone w \u015bwietnym miejscu, zaledwie 350 metr\u00f3w od Festiwalu Ogrodowego w Tisno. Apartament typu studio z podw\u00f3jnym \u0142\u00f3\u017ckiem, na kt\u00f3rym mog\u0105 spa\u0107 dwie osoby.<\/p>\n","protected":false},"featured_media":26400,"template":"","meta":{"_acf_changed":false},"product_brand":[],"product_cat":[155],"product_tag":[],"class_list":{"0":"post-52250","1":"product","2":"type-product","3":"status-publish","4":"has-post-thumbnail","6":"product_cat-kawalerka","8":"first","9":"instock","10":"sold-individually","11":"shipping-taxable","12":"purchasable","13":"product-type-phive_booking"},"acf":[],"_links":{"self":[{"href":"https:\/\/murter-online.com\/pl\/wp-json\/wp\/v2\/product\/52250","targetHints":{"allow":["GET"]}}],"collection":[{"href":"https:\/\/murter-online.com\/pl\/wp-json\/wp\/v2\/product"}],"about":[{"href":"https:\/\/murter-online.com\/pl\/wp-json\/wp\/v2\/types\/product"}],"wp:featuredmedia":[{"embeddable":true,"href":"https:\/\/murter-online.com\/pl\/wp-json\/wp\/v2\/media\/26400"}],"wp:attachment":[{"href":"https:\/\/murter-online.com\/pl\/wp-json\/wp\/v2\/media?parent=52250"}],"wp:term":[{"taxonomy":"product_brand","embeddable":true,"href":"https:\/\/murter-online.com\/pl\/wp-json\/wp\/v2\/product_brand?post=52250"},{"taxonomy":"product_cat","embeddable":true,"href":"https:\/\/murter-online.com\/pl\/wp-json\/wp\/v2\/product_cat?post=52250"},{"taxonomy":"product_tag","embeddable":true,"href":"https:\/\/murter-online.com\/pl\/wp-json\/wp\/v2\/product_tag?post=52250"}],"curies":[{"name":"wp","href":"https:\/\/api.w.org\/{rel}","templated":true}]}}